{"id":1138,"date":"2024-07-08T08:52:13","date_gmt":"2024-07-08T06:52:13","guid":{"rendered":"https:\/\/icasueca.es\/web\/?page_id=1138"},"modified":"2024-07-23T09:13:22","modified_gmt":"2024-07-23T07:13:22","slug":"saluda","status":"publish","type":"page","link":"https:\/\/icasueca.es\/web\/saluda\/","title":{"rendered":"Saluda"},"content":{"rendered":"\t\t<div data-elementor-type=\"wp-page\" data-elementor-id=\"1138\" class=\"elementor elementor-1138\" data-elementor-post-type=\"page\">\n\t\t\t\t<div class=\"elementor-element elementor-element-2595f72 e-flex e-con-boxed e-con e-parent\" data-id=\"2595f72\" data-element_type=\"container\">\n\t\t\t\t\t<div class=\"e-con-inner\">\n\t\t\t\t<div class=\"elementor-element elementor-element-b73915e elementor-widget elementor-widget-image\" data-id=\"b73915e\" data-element_type=\"widget\" data-widget_type=\"image.default\">\n\t\t\t\t<div class=\"elementor-widget-container\">\n\t\t\t\t\t\t\t\t\t\t\t\t<figure class=\"wp-caption\">\n\t\t\t\t\t\t\t\t\t\t<img fetchpriority=\"high\" decoding=\"async\" width=\"282\" height=\"300\" src=\"https:\/\/icasueca.es\/web\/wp-content\/uploads\/2024\/07\/Decano-961x1024-1-282x300.jpg\" class=\"attachment-medium size-medium wp-image-1134\" alt=\"\" srcset=\"https:\/\/icasueca.es\/web\/wp-content\/uploads\/2024\/07\/Decano-961x1024-1-282x300.jpg 282w, https:\/\/icasueca.es\/web\/wp-content\/uploads\/2024\/07\/Decano-961x1024-1-768x818.jpg 768w, https:\/\/icasueca.es\/web\/wp-content\/uploads\/2024\/07\/Decano-961x1024-1.jpg 961w\" sizes=\"(max-width: 282px) 100vw, 282px\" \/>\t\t\t\t\t\t\t\t\t\t\t<figcaption class=\"widget-image-caption wp-caption-text\">D. Jesus Mu\u00f1oz Carrasquer<\/figcaption>\n\t\t\t\t\t\t\t\t\t\t<\/figure>\n\t\t\t\t\t\t\t\t\t<\/div>\n\t\t\t\t<\/div>\n\t\t\t\t<div class=\"elementor-element elementor-element-50b6fbf elementor-widget elementor-widget-text-editor\" data-id=\"50b6fbf\" data-element_type=\"widget\" data-widget_type=\"text-editor.default\">\n\t\t\t\t<div class=\"elementor-widget-container\">\n\t\t\t\t\t\t\t\t\t<pre><em>Desde esta tierra a orillas del mediterr\u00e1neo, donde desemboca\u00a0nuestro estimado r\u00edo X\u00faquer os doy la bienvenida a nuestra nueva P\u00e1gina web de nuestro casi bicentenario Ilustre Colegio de Abogados de Sueca.<\/em><br \/><br \/><em>La sociedad ha cambiado. Vivimos en la era de la informaci\u00f3n. La aldea global ya es una realidad. La tecnolog\u00eda progresa de manera vertiginosa. Ante este reto \u00a0los Colegios de Abogados, as\u00ed como los propios abogados no podemos ni debemos quedarnos cruzados de brazos. Tenemos la obligaci\u00f3n de adaptarnos a los nuevos tiempos.<\/em><br \/><br \/><em>La Junta de Gobierno de la que me honro presidir, considera la p\u00e1gina web una imprescindible herramienta de trabajo para sus colegiados, as\u00ed como una ventana de vital importancia para que nuestro colegio tenga visibilidad y presencia en la Sociedad actual. Y es por ello que hemos \u00a0acometido como un asunto prioritario, la total reformulaci\u00f3n y modernizaci\u00f3n \u00a0de aqu\u00e9lla. Para ello hemos confiado en unos expertos\u00a0 profesionales de reconocido prestigio y val\u00eda, que, trabajando duro bajo la supervisi\u00f3n y apoyo de los miembros de la Junta que tienen un mayor conocimiento del tema inform\u00e1tico, nos ha permitido crear una p\u00e1gina Web que cumple a la perfecci\u00f3n con las expectativas creadas y que pensamos, ser\u00e1 de gran utilidad, tanto para los profesionales del mundo del derecho, colegiados en nuestro colegio \u00f3 no, como para cualquier persona interesada en nuestro colectivo.<\/em><br \/><br \/><em>Indicar que estamos abiertos a cualquier sugerencia \u00f3 consejo y pido la colaboraci\u00f3n de todos, en especial de nuestros compa\u00f1eros colegiados en cuanto a perfeccionamiento y adecuaci\u00f3n de contenidos.<\/em><br \/><br \/>Recibid un cordial saludo, de vuestro compa\u00f1ero y Decano,<br \/><br \/>Jes\u00fas Mu\u00f1oz Carrasquer.<\/pre>\t\t\t\t\t\t\t\t<\/div>\n\t\t\t\t<\/div>\n\t\t\t\t\t<\/div>\n\t\t\t\t<\/div>\n\t\t\t\t<\/div>\n\t\t","protected":false},"excerpt":{"rendered":"<p>D. Jesus Mu\u00f1oz Carrasquer Desde esta tierra a orillas del mediterr\u00e1neo, donde desemboca\u00a0nuestro estimado r\u00edo X\u00faquer os doy la bienvenida a nuestra nueva P\u00e1gina web de nuestro casi bicentenario Ilustre Colegio de Abogados de Sueca.La sociedad ha cambiado. Vivimos en la era de la informaci\u00f3n. La aldea global ya es una realidad. La tecnolog\u00eda progresa [&hellip;]<\/p>\n","protected":false},"author":1,"featured_media":0,"parent":0,"menu_order":0,"comment_status":"closed","ping_status":"closed","template":"","meta":{"footnotes":""},"class_list":["post-1138","page","type-page","status-publish","hentry"],"_links":{"self":[{"href":"https:\/\/icasueca.es\/web\/wp-json\/wp\/v2\/pages\/1138","targetHints":{"allow":["GET"]}}],"collection":[{"href":"https:\/\/icasueca.es\/web\/wp-json\/wp\/v2\/pages"}],"about":[{"href":"https:\/\/icasueca.es\/web\/wp-json\/wp\/v2\/types\/page"}],"author":[{"embeddable":true,"href":"https:\/\/icasueca.es\/web\/wp-json\/wp\/v2\/users\/1"}],"replies":[{"embeddable":true,"href":"https:\/\/icasueca.es\/web\/wp-json\/wp\/v2\/comments?post=1138"}],"version-history":[{"count":13,"href":"https:\/\/icasueca.es\/web\/wp-json\/wp\/v2\/pages\/1138\/revisions"}],"predecessor-version":[{"id":1441,"href":"https:\/\/icasueca.es\/web\/wp-json\/wp\/v2\/pages\/1138\/revisions\/1441"}],"wp:attachment":[{"href":"https:\/\/icasueca.es\/web\/wp-json\/wp\/v2\/media?parent=1138"}],"curies":[{"name":"wp","href":"https:\/\/api.w.org\/{rel}","templated":true}]}}