{"id":1286,"date":"2024-07-18T10:38:03","date_gmt":"2024-07-18T08:38:03","guid":{"rendered":"https:\/\/icasueca.es\/web\/?page_id=1286"},"modified":"2024-07-25T10:52:50","modified_gmt":"2024-07-25T08:52:50","slug":"nuevas-incorporaciones","status":"publish","type":"page","link":"https:\/\/icasueca.es\/web\/nuevas-incorporaciones\/","title":{"rendered":"Nuevas Incorporaciones"},"content":{"rendered":"\t\t<div data-elementor-type=\"wp-page\" data-elementor-id=\"1286\" class=\"elementor elementor-1286\" data-elementor-post-type=\"page\">\n\t\t\t\t<div class=\"elementor-element elementor-element-a6f5054 e-flex e-con-boxed e-con e-parent\" data-id=\"a6f5054\" data-element_type=\"container\">\n\t\t\t\t\t<div class=\"e-con-inner\">\n\t\t\t\t<div class=\"elementor-element elementor-element-c68cea5 elementor-widget elementor-widget-heading\" data-id=\"c68cea5\" data-element_type=\"widget\" data-widget_type=\"heading.default\">\n\t\t\t\t<div class=\"elementor-widget-container\">\n\t\t\t\t\t<h2 class=\"elementor-heading-title elementor-size-default\">Documentaci\u00f3n Necesaria<\/h2>\t\t\t\t<\/div>\n\t\t\t\t<\/div>\n\t\t\t\t<div class=\"elementor-element elementor-element-4238766 elementor-widget elementor-widget-text-editor\" data-id=\"4238766\" data-element_type=\"widget\" data-widget_type=\"text-editor.default\">\n\t\t\t\t<div class=\"elementor-widget-container\">\n\t\t\t\t\t\t\t\t\t<p>\u00a0 \u00a0 Todos los documentos solicitados deben ser originales. En caso de presentar fotocopias, estas deben estar compulsadas.<\/p><ol><li><strong> T\u00edtulo de Licenciado en Derecho<\/strong><\/li><\/ol><p>\u00a0 \u00a0 \u00a0 \u00a0 \u00a0 \u00a0 \u00a0 \u00a0 T\u00edtulo Profesional de Abogado regulado por la Ley 34\/2006, de 30 de octubre.<\/p><p>\u00a0\u00a0\u00a0\u00a0\u00a0\u00a0\u00a0\u00a0\u00a0\u00a0\u00a0\u00a0\u00a0\u00a0 Licenciados en Derecho posterior al 31 de octubre de 2011:<\/p><ul><li>\u00a0 \u00a0 \u00a0 \u00a0 \u00a0 \u00a0 \u00a0 \u00a0 \u00a0Deben presentar el t\u00edtulo de licenciado en Derecho con la fecha de finalizaci\u00f3n de los estudios.<\/li><li>\u00a0 \u00a0 \u00a0 \u00a0 \u00a0 \u00a0 \u00a0 \u00a0 \u00a0Si no se dispone del t\u00edtulo, se debe presentar una certificaci\u00f3n acad\u00e9mica personal y el resguardo del dep\u00f3sito para la expedici\u00f3n del t\u00edtulo.<\/li><\/ul><p>\u00a0<\/p><ol start=\"2\"><li><strong>Certificado de Nacimiento<\/strong><\/li><\/ol><p>\u00a0 \u00a0 \u00a0 \u00a0 \u00a0 \u00a0 \u00a0 \u00a0 Debe ser una copia literal.<\/p><ol start=\"3\"><li><strong> Certificado de Antecedentes Penales<\/strong><\/li><\/ol><p>\u00a0 \u00a0 \u00a0 \u00a0 \u00a0 \u00a0 \u00a0 \u00a0 Se puede obtener en C\/ Hern\u00e1n Cort\u00e9s, 24 o en la <a href=\"http:\/\/www.mjusticia.gob.es\" target=\"_blank\" rel=\"noopener\">Sede Electr\u00f3nica del Ministerio de Justicia<\/a> .<\/p><ol start=\"4\"><li><strong> Domiciliaci\u00f3n Bancaria<\/strong><\/li><\/ol><p>\u00a0 \u00a0 \u00a0 \u00a0 \u00a0 \u00a0 \u00a0 \u00a0 Debe incluir el IBAN asignado por su entidad para domiciliar las cuotas de a\u00f1os sucesivos.<\/p><ol start=\"5\"><li><strong> Una Fotograf\u00eda Tama\u00f1o DNI<\/strong><\/li><li><strong>Fotocopia del Documento Nacional de Identidad<\/strong><\/li><\/ol><ol start=\"7\"><li><strong> Incorporaci\u00f3n como<\/strong> <strong>Ejerciente <u>por Cuenta Propia<\/u><\/strong><\/li><\/ol><p>\u00a0 \u00a0 \u00a0 \u00a0 \u00a0 \u00a0 \u00a0 \u00a0 Justificaci\u00f3n de alta en Seguro de Responsabilidad Civil.<\/p><p>\u00a0 \u00a0 \u00a0 \u00a0 \u00a0 \u00a0 \u00a0 \u00a0Optar entre:<\/p><p>\u00a0 \u00a0 \u00a0 \u00a0 \u00a0 \u00a0 \u00a0 \u00a0 \u00a0Afiliaci\u00f3n al R\u00e9gimen de Aut\u00f3nomos de la Seguridad Social y aportar el justificante correspondiente.<\/p><p>\u00a0 \u00a0 \u00a0 \u00a0 \u00a0 \u00a0 \u00a0 \u00a0 \u00a0Formalizaci\u00f3n del ingreso en la Mutualidad General de la Abogac\u00eda.<\/p><ol start=\"8\"><li><strong> Incorporaci\u00f3n como <u>Ejerciente por Cuenta Ajena<\/u><\/strong><strong>\u00a0<\/strong><\/li><\/ol><p>\u00a0 \u00a0 \u00a0 \u00a0 \u00a0 \u00a0 \u00a0 \u00a0 Presentar una certificaci\u00f3n de la empresa que acredite que el colegiado estar\u00e1 contratado como abogado en dedicaci\u00f3n exclusiva. Debe incluir el n\u00famero de afiliaci\u00f3n al R\u00e9gimen\u00a0 \u00a0 \u00a0 \u00a0 \u00a0 \u00a0 \u00a0 \u00a0 \u00a0 General de la Seguridad Social.<\/p><ol start=\"9\"><li><strong> Documentos Adjuntos Debidamente Firmados.<\/strong><\/li><\/ol><p>\u00a0 \u00a0 \u00a0 \u00a0 \u00a0 \u00a0 \u00a0 \u00a0 \u00a0&#8211; <a href=\"https:\/\/icasueca.es\/web\/wp-content\/uploads\/2024\/06\/CE1-INSTANCIA-COLEGIACION.pdf\" target=\"_blank\" rel=\"noopener\">Instancia.<\/a>\u00a0<\/p><p>\u00a0 \u00a0 \u00a0 \u00a0 \u00a0 \u00a0 \u00a0 \u00a0 \u00a0&#8211; <a href=\"https:\/\/icasueca.es\/web\/wp-content\/uploads\/2024\/06\/CE0721SolicitudCertificadodeColegiacionEJERCIENTEPrimera-Colegiacion.pdf\" target=\"_blank\" rel=\"noopener\">Solicitud de certificaci\u00f3n \u201cColegiado ejerciente\u201d.<\/a>\u00a0<\/p><p>\u00a0 \u00a0 \u00a0 \u00a0 \u00a0 \u00a0 \u00a0 \u00a0 \u00a0&#8211; <a href=\"https:\/\/icasueca.es\/web\/wp-content\/uploads\/2024\/06\/CE2PROTECCION-DE-DATOSClausula-BasicaColegiadosv20211.pdf\" target=\"_blank\" rel=\"noopener\">Protecci\u00f3n de datos.<\/a>\u00a0<\/p><p>\u00a0 \u00a0 \u00a0 \u00a0 \u00a0 \u00a0 \u00a0 \u00a0 \u00a0&#8211; <a href=\"https:\/\/icasueca.es\/web\/wp-content\/uploads\/2024\/06\/CE3PLANTILLAMANDATOSEPA.pdf\" target=\"_blank\" rel=\"noopener\">Plantilla Mandato Sepa.<\/a>\u00a0<\/p><ol start=\"10\"><li><strong> Justificante de Pago de la Cuota de Incorporaci\u00f3n<\/strong><\/li><\/ol><p>\u00a0 \u00a0 \u00a0 \u00a0 \u00a0 \u00a0 \u00a0 \u00a0El pago asciende a 551,95\u20ac, que incluye la cuota anual de 233,53\u20ac sin seguro de R.C. El pago debe realizarse en la cuenta del Colegio de Abogados de Sueca:<\/p><p>\u00a0 \u00a0 \u00a0 \u00a0 \u00a0 \u00a0 \u00a0 \u00a0IBAN: ES87 0081 5537 68 0001049911<\/p><p>Para m\u00e1s informaci\u00f3n, por favor, <a href=\"https:\/\/icasueca.es\/web\/contacto\/\" target=\"_blank\" rel=\"noopener\">contacte<\/a> con nosotros.<\/p>\t\t\t\t\t\t\t\t<\/div>\n\t\t\t\t<\/div>\n\t\t\t\t\t<\/div>\n\t\t\t\t<\/div>\n\t\t\t\t<\/div>\n\t\t","protected":false},"excerpt":{"rendered":"<p>Documentaci\u00f3n Necesaria \u00a0 \u00a0 Todos los documentos solicitados deben ser originales. En caso de presentar fotocopias, estas deben estar compulsadas. T\u00edtulo de Licenciado en Derecho \u00a0 \u00a0 \u00a0 \u00a0 \u00a0 \u00a0 \u00a0 \u00a0 T\u00edtulo Profesional de Abogado regulado por la Ley 34\/2006, de 30 de octubre. \u00a0\u00a0\u00a0\u00a0\u00a0\u00a0\u00a0\u00a0\u00a0\u00a0\u00a0\u00a0\u00a0\u00a0 Licenciados en Derecho posterior al 31 de octubre [&hellip;]<\/p>\n","protected":false},"author":1,"featured_media":0,"parent":0,"menu_order":0,"comment_status":"closed","ping_status":"closed","template":"","meta":{"footnotes":""},"class_list":["post-1286","page","type-page","status-publish","hentry"],"_links":{"self":[{"href":"https:\/\/icasueca.es\/web\/wp-json\/wp\/v2\/pages\/1286","targetHints":{"allow":["GET"]}}],"collection":[{"href":"https:\/\/icasueca.es\/web\/wp-json\/wp\/v2\/pages"}],"about":[{"href":"https:\/\/icasueca.es\/web\/wp-json\/wp\/v2\/types\/page"}],"author":[{"embeddable":true,"href":"https:\/\/icasueca.es\/web\/wp-json\/wp\/v2\/users\/1"}],"replies":[{"embeddable":true,"href":"https:\/\/icasueca.es\/web\/wp-json\/wp\/v2\/comments?post=1286"}],"version-history":[{"count":31,"href":"https:\/\/icasueca.es\/web\/wp-json\/wp\/v2\/pages\/1286\/revisions"}],"predecessor-version":[{"id":1596,"href":"https:\/\/icasueca.es\/web\/wp-json\/wp\/v2\/pages\/1286\/revisions\/1596"}],"wp:attachment":[{"href":"https:\/\/icasueca.es\/web\/wp-json\/wp\/v2\/media?parent=1286"}],"curies":[{"name":"wp","href":"https:\/\/api.w.org\/{rel}","templated":true}]}}