{"id":1320,"date":"2024-07-18T12:40:49","date_gmt":"2024-07-18T10:40:49","guid":{"rendered":"https:\/\/icasueca.es\/web\/?page_id=1320"},"modified":"2024-07-19T17:54:27","modified_gmt":"2024-07-19T15:54:27","slug":"colegiacion-traslados","status":"publish","type":"page","link":"https:\/\/icasueca.es\/web\/colegiacion-traslados\/","title":{"rendered":"Colegiaci\u00f3n traslados"},"content":{"rendered":"\t\t<div data-elementor-type=\"wp-page\" data-elementor-id=\"1320\" class=\"elementor elementor-1320\" data-elementor-post-type=\"page\">\n\t\t\t\t<div class=\"elementor-element elementor-element-7940255 e-flex e-con-boxed e-con e-parent\" data-id=\"7940255\" data-element_type=\"container\">\n\t\t\t\t\t<div class=\"e-con-inner\">\n\t\t\t\t<div class=\"elementor-element elementor-element-0ead15e elementor-widget elementor-widget-heading\" data-id=\"0ead15e\" data-element_type=\"widget\" data-widget_type=\"heading.default\">\n\t\t\t\t<div class=\"elementor-widget-container\">\n\t\t\t\t\t<h2 class=\"elementor-heading-title elementor-size-default\">\u00a0Requisitos para Colegiados Procedentes de Otros Colegios<\/h2>\t\t\t\t<\/div>\n\t\t\t\t<\/div>\n\t\t\t\t<div class=\"elementor-element elementor-element-40fea0d elementor-widget elementor-widget-heading\" data-id=\"40fea0d\" data-element_type=\"widget\" data-widget_type=\"heading.default\">\n\t\t\t\t<div class=\"elementor-widget-container\">\n\t\t\t\t\t<h3 class=\"elementor-heading-title elementor-size-default\">Documentaci\u00f3n Necesaria para Ejercientes<\/h3>\t\t\t\t<\/div>\n\t\t\t\t<\/div>\n\t\t\t\t<div class=\"elementor-element elementor-element-0108447 elementor-widget elementor-widget-text-editor\" data-id=\"0108447\" data-element_type=\"widget\" data-widget_type=\"text-editor.default\">\n\t\t\t\t<div class=\"elementor-widget-container\">\n\t\t\t\t\t\t\t\t\t<ol><li>Certificado Colegial del Colegio de Procedencia: Original.<\/li><li>Certificado del Consejo General de la Abogac\u00eda: Solicitud por tel\u00e9fono al 915323475.<\/li><li>Certificaci\u00f3n de Antecedentes Penales: Disponible en C\/ Hern\u00e1n Cort\u00e9s, 24 o en la <a href=\"http:\/\/www.mjusticia.gob.es\" target=\"_blank\" rel=\"noopener\">Sede Electr\u00f3nica del Ministerio de Justicia<\/a>\u00a0<\/li><li>Domiciliaci\u00f3n Bancaria: Incluir el IBAN asignado por su entidad para domiciliar las cuotas de a\u00f1os sucesivos.<\/li><li>Una Fotograf\u00eda Tama\u00f1o DNI**.<\/li><li>Fotocopia del Documento Nacional de Identidad**.<\/li><li>Incorporaci\u00f3n como Ejerciente por Cuenta Propia**:<\/li><\/ol><p>\u00a0 \u00a0 \u00a0 \u00a0 \u00a0 \u00a0 \u00a0 \u00a0 &#8211; Justificaci\u00f3n de alta en Seguro de Responsabilidad Civil.<\/p><p>\u00a0 \u00a0 \u00a0 \u00a0 \u00a0 \u00a0 \u00a0 \u00a0 Acreditar:<\/p><p>\u00a0 \u00a0 \u00a0 \u00a0 \u00a0 \u00a0 \u00a0 \u00a0&#8211; La afiliaci\u00f3n al R\u00e9gimen de Aut\u00f3nomos de la Seguridad Social con el justificante correspondiente, o<\/p><p>\u00a0 \u00a0 \u00a0 \u00a0 \u00a0 \u00a0 \u00a0 \u00a0&#8211; La formalizaci\u00f3n del ingreso en la Mutualidad General de la Abogac\u00eda.<\/p><ol start=\"8\"><li>Incorporaci\u00f3n como Ejerciente por Cuenta Ajena**:<\/li><\/ol><p>\u00a0 \u00a0 \u00a0 \u00a0 \u00a0 \u00a0 \u00a0 \u00a0&#8211; Certificaci\u00f3n de la empresa que acredite que el colegiado estar\u00e1 contratado como Abogado en dedicaci\u00f3n exclusiva, incluyendo el n\u00famero de afiliaci\u00f3n al R\u00e9gimen General de la\u00a0 \u00a0 \u00a0 \u00a0 \u00a0 \u00a0 \u00a0 \u00a0 \u00a0 \u00a0 \u00a0 Seguridad Social.<\/p><p>\u00a0 \u00a0 \u00a0 \u00a0 \u00a0 9. Presentar los siguientes adjuntos debidamente firmados**:<\/p><p>\u00a0 \u00a0 \u00a0 \u00a0 \u00a0 \u00a0 \u00a0 \u00a0&#8211; <a href=\"https:\/\/icasueca.es\/web\/wp-content\/uploads\/2024\/06\/CE1-INSTANCIA-COLEGIACION.pdf\" target=\"_blank\" rel=\"noopener\">Instancia.<\/a><\/p><p>\u00a0 \u00a0 \u00a0 \u00a0 \u00a0 \u00a0 \u00a0 \u00a0&#8211; <a href=\"https:\/\/icasueca.es\/web\/wp-content\/uploads\/2024\/06\/CE2PROTECCION-DE-DATOSClausula-BasicaColegiadosv20211.pdf\" target=\"_blank\" rel=\"noopener\">Protecci\u00f3n de datos.<\/a><\/p><p>\u00a0 \u00a0 \u00a0 \u00a0 \u00a0 \u00a0 \u00a0 \u00a0&#8211; <a href=\"https:\/\/icasueca.es\/web\/wp-content\/uploads\/2024\/06\/CE3PLANTILLAMANDATOSEPA.pdf\" target=\"_blank\" rel=\"noopener\">Plantilla Mandato Sepa.<\/a><\/p><ol start=\"10\"><li>Justificante de Pago de la Cuota de Incorporaci\u00f3n**: El pago asciende a 386 \u20ac (incluye cuota anual de 236 \u20ac). El pago debe realizarse en la cuenta del Colegio de Abogados de Sueca:<\/li><\/ol><p>\u00a0 \u00a0 \u00a0 \u00a0 \u00a0 \u00a0 \u00a0 \u00a0 IBAN: ES87 0081 5537 68 0001049911<\/p><p>\u00a0<\/p>\t\t\t\t\t\t\t\t<\/div>\n\t\t\t\t<\/div>\n\t\t\t\t<div class=\"elementor-element elementor-element-e578417 elementor-widget elementor-widget-heading\" data-id=\"e578417\" data-element_type=\"widget\" data-widget_type=\"heading.default\">\n\t\t\t\t<div class=\"elementor-widget-container\">\n\t\t\t\t\t<h3 class=\"elementor-heading-title elementor-size-default\">Documentaci\u00f3n Necesaria para No Ejercientes<\/h3>\t\t\t\t<\/div>\n\t\t\t\t<\/div>\n\t\t\t\t<div class=\"elementor-element elementor-element-acdf8e9 elementor-widget elementor-widget-text-editor\" data-id=\"acdf8e9\" data-element_type=\"widget\" data-widget_type=\"text-editor.default\">\n\t\t\t\t<div class=\"elementor-widget-container\">\n\t\t\t\t\t\t\t\t\t<ol><li>Certificado Colegial del Colegio de Procedencia: Original.<\/li><li>Certificado del Consejo General de la Abogac\u00eda: Solicitud por tel\u00e9fono al 915323475.<\/li><li>Certificaci\u00f3n de Antecedentes Penales: Disponible en C\/ Hern\u00e1n Cort\u00e9s, 24 o en la <a href=\"http:\/\/www.mjusticia.gob.es\" target=\"_blank\" rel=\"noopener\">Sede Electr\u00f3nica del Ministerio de Justicia<\/a>\u00a0<\/li><li>Domiciliaci\u00f3n Bancaria: Incluir el IBAN asignado por su entidad para domiciliar las cuotas de a\u00f1os sucesivos.<\/li><\/ol><p>\u00a0 \u00a0 \u00a0 \u00a0 \u00a0 \u00a05. Una Fotograf\u00eda Tama\u00f1o DNI.<\/p><p>\u00a0 \u00a0 \u00a0 \u00a0 \u00a0 \u00a06. Fotocopia del Documento Nacional de Identidad**.<\/p><p>\u00a0 \u00a0 \u00a0 \u00a0 \u00a0 \u00a07. Presentar los siguientes adjuntos debidamente firmados:<\/p><p>\u00a0 \u00a0 \u00a0 \u00a0 \u00a0 \u00a0 \u00a0 \u00a0 &#8211; <a href=\"https:\/\/icasueca.es\/web\/wp-content\/uploads\/2024\/06\/NE1-INSTANCIA-COLEGIACION.pdf\" target=\"_blank\" rel=\"noopener\">Instancia.<\/a><\/p><p>\u00a0 \u00a0 \u00a0 \u00a0 \u00a0 \u00a0 \u00a0 \u00a0 &#8211; <a href=\"https:\/\/icasueca.es\/web\/wp-content\/uploads\/2024\/06\/NE2.-PROTECCION-DE-DATOS-Clausula-Basica-Colegiados-v2021.1.pdf\" target=\"_blank\" rel=\"noopener\">Protecci\u00f3n de datos.<\/a><\/p><p>\u00a0 \u00a0 \u00a0 \u00a0 \u00a0 \u00a0 \u00a0 \u00a0 &#8211; <a href=\"https:\/\/icasueca.es\/web\/wp-content\/uploads\/2024\/06\/NE3.-PLANTILLA-MANDATO-SEPA.pdf\" target=\"_blank\" rel=\"noopener\">Plantilla Mandato Sepa.<\/a><\/p><p>\u00a0 \u00a0 \u00a0 \u00a0 \u00a0 \u00a0 8. Justificante de Pago de la Cuota de Incorporaci\u00f3n: El pago asciende a 271 \u20ac (incluye cuota anual de 121 \u20ac). El pago debe realizarse en la cuenta del Colegio de Abogados de Sueca:<\/p><p>\u00a0 \u00a0 \u00a0 \u00a0 \u00a0 \u00a0 \u00a0 \u00a0 IBAN: ES87 0081 5537 68 0001049911<\/p>\t\t\t\t\t\t\t\t<\/div>\n\t\t\t\t<\/div>\n\t\t\t\t\t<\/div>\n\t\t\t\t<\/div>\n\t\t\t\t<\/div>\n\t\t","protected":false},"excerpt":{"rendered":"<p>\u00a0Requisitos para Colegiados Procedentes de Otros Colegios Documentaci\u00f3n Necesaria para Ejercientes Certificado Colegial del Colegio de Procedencia: Original. Certificado del Consejo General de la Abogac\u00eda: Solicitud por tel\u00e9fono al 915323475. Certificaci\u00f3n de Antecedentes Penales: Disponible en C\/ Hern\u00e1n Cort\u00e9s, 24 o en la Sede Electr\u00f3nica del Ministerio de Justicia\u00a0 Domiciliaci\u00f3n Bancaria: Incluir el IBAN asignado [&hellip;]<\/p>\n","protected":false},"author":1,"featured_media":0,"parent":0,"menu_order":0,"comment_status":"closed","ping_status":"closed","template":"","meta":{"footnotes":""},"class_list":["post-1320","page","type-page","status-publish","hentry"],"_links":{"self":[{"href":"https:\/\/icasueca.es\/web\/wp-json\/wp\/v2\/pages\/1320","targetHints":{"allow":["GET"]}}],"collection":[{"href":"https:\/\/icasueca.es\/web\/wp-json\/wp\/v2\/pages"}],"about":[{"href":"https:\/\/icasueca.es\/web\/wp-json\/wp\/v2\/types\/page"}],"author":[{"embeddable":true,"href":"https:\/\/icasueca.es\/web\/wp-json\/wp\/v2\/users\/1"}],"replies":[{"embeddable":true,"href":"https:\/\/icasueca.es\/web\/wp-json\/wp\/v2\/comments?post=1320"}],"version-history":[{"count":22,"href":"https:\/\/icasueca.es\/web\/wp-json\/wp\/v2\/pages\/1320\/revisions"}],"predecessor-version":[{"id":1417,"href":"https:\/\/icasueca.es\/web\/wp-json\/wp\/v2\/pages\/1320\/revisions\/1417"}],"wp:attachment":[{"href":"https:\/\/icasueca.es\/web\/wp-json\/wp\/v2\/media?parent=1320"}],"curies":[{"name":"wp","href":"https:\/\/api.w.org\/{rel}","templated":true}]}}