{"id":23,"date":"2024-06-07T18:23:14","date_gmt":"2024-06-07T16:23:14","guid":{"rendered":"https:\/\/icasueca.es\/web\/?page_id=23"},"modified":"2025-09-26T11:26:59","modified_gmt":"2025-09-26T09:26:59","slug":"inicio","status":"publish","type":"page","link":"https:\/\/icasueca.es\/web\/","title":{"rendered":"Inicio"},"content":{"rendered":"\t\t<div data-elementor-type=\"wp-page\" data-elementor-id=\"23\" class=\"elementor elementor-23\" data-elementor-post-type=\"page\">\n\t\t\t\t<div class=\"elementor-element elementor-element-3917bfe e-flex e-con-boxed e-con e-parent\" data-id=\"3917bfe\" data-element_type=\"container\">\n\t\t\t\t\t<div class=\"e-con-inner\">\n\t\t<div class=\"elementor-element elementor-element-09203bc e-grid e-con-full e-con e-child\" data-id=\"09203bc\" data-element_type=\"container\">\n\t\t\t\t<div class=\"elementor-element elementor-element-9455572 elementor-position-right elementor-vertical-align-top elementor-widget elementor-widget-image-box\" data-id=\"9455572\" data-element_type=\"widget\" data-widget_type=\"image-box.default\">\n\t\t\t\t<div class=\"elementor-widget-container\">\n\t\t\t\t\t<div class=\"elementor-image-box-wrapper\"><figure class=\"elementor-image-box-img\"><a href=\"https:\/\/icasueca.es\/web\/colegio\/\" tabindex=\"-1\"><img decoding=\"async\" width=\"150\" height=\"150\" src=\"https:\/\/icasueca.es\/web\/wp-content\/uploads\/2024\/06\/IMG_2252-150x150.jpg\" class=\"attachment-thumbnail size-thumbnail wp-image-671\" alt=\"\" \/><\/a><\/figure><div class=\"elementor-image-box-content\"><h3 class=\"elementor-image-box-title\"><a href=\"https:\/\/icasueca.es\/web\/colegio\/\">Colegio<\/a><\/h3><p class=\"elementor-image-box-description\">Descubre nuestra identidad, estructura y compromiso: desde nuestra historia hasta nuestros objetivos, pasando por nuestra organizaci\u00f3n interna y las pol\u00edticas que garantizan la m\u00e1xima calidad y seguridad, hasta la total transparencia y accesibilidad de nuestros servicios.<\/p><\/div><\/div>\t\t\t\t<\/div>\n\t\t\t\t<\/div>\n\t\t\t\t<div class=\"elementor-element elementor-element-b47fe96 elementor-position-right elementor-vertical-align-top elementor-widget elementor-widget-image-box\" data-id=\"b47fe96\" data-element_type=\"widget\" data-widget_type=\"image-box.default\">\n\t\t\t\t<div class=\"elementor-widget-container\">\n\t\t\t\t\t<div class=\"elementor-image-box-wrapper\"><figure class=\"elementor-image-box-img\"><a href=\"https:\/\/icasueca.es\/web\/colegiacion\/\" tabindex=\"-1\"><img decoding=\"async\" width=\"150\" height=\"150\" src=\"https:\/\/icasueca.es\/web\/wp-content\/uploads\/2024\/06\/Colegiacion-150x150.jpg\" class=\"attachment-thumbnail size-thumbnail wp-image-670\" alt=\"\" \/><\/a><\/figure><div class=\"elementor-image-box-content\"><h3 class=\"elementor-image-box-title\"><a href=\"https:\/\/icasueca.es\/web\/colegiacion\/\">Colegiaci\u00f3n<\/a><\/h3><p class=\"elementor-image-box-description\">Ven a nuestro colegio: Conoce el proceso de colegiaci\u00f3n, explora los beneficios exclusivos para miembros y accede a una amplia gama de servicios y recursos dise\u00f1ados para apoyar tu desarrollo y \u00e9xito profesional.<\/p><\/div><\/div>\t\t\t\t<\/div>\n\t\t\t\t<\/div>\n\t\t\t\t<div class=\"elementor-element elementor-element-cfc232c elementor-position-right elementor-vertical-align-top elementor-widget elementor-widget-image-box\" data-id=\"cfc232c\" data-element_type=\"widget\" data-widget_type=\"image-box.default\">\n\t\t\t\t<div class=\"elementor-widget-container\">\n\t\t\t\t\t<div class=\"elementor-image-box-wrapper\"><figure class=\"elementor-image-box-img\"><a href=\"https:\/\/icasueca.es\/web\/justicia-gratuita\/\" tabindex=\"-1\"><img decoding=\"async\" width=\"150\" height=\"150\" src=\"https:\/\/icasueca.es\/web\/wp-content\/uploads\/2024\/06\/legal-5293009_1280-150x150.jpg\" class=\"attachment-thumbnail size-thumbnail wp-image-667\" alt=\"\" \/><\/a><\/figure><div class=\"elementor-image-box-content\"><h3 class=\"elementor-image-box-title\"><a href=\"https:\/\/icasueca.es\/web\/justicia-gratuita\/\">Justicia Gratuita<\/a><\/h3><p class=\"elementor-image-box-description\">Garantizando el acceso a la justicia: Todo lo que necesitas saber sobre la justicia gratuita, qui\u00e9n puede beneficiarse y c\u00f3mo recibir asesoramiento legal especializado sin costo.<\/p><\/div><\/div>\t\t\t\t<\/div>\n\t\t\t\t<\/div>\n\t\t\t\t<div class=\"elementor-element elementor-element-82ab71f elementor-position-right elementor-vertical-align-top elementor-widget elementor-widget-image-box\" data-id=\"82ab71f\" data-element_type=\"widget\" data-widget_type=\"image-box.default\">\n\t\t\t\t<div class=\"elementor-widget-container\">\n\t\t\t\t\t<div class=\"elementor-image-box-wrapper\"><figure class=\"elementor-image-box-img\"><a href=\"https:\/\/icasueca.es\/web\/mediacion-2\/\" tabindex=\"-1\"><img loading=\"lazy\" decoding=\"async\" width=\"150\" height=\"150\" src=\"https:\/\/icasueca.es\/web\/wp-content\/uploads\/2024\/06\/mediacion-150x150.jpg\" class=\"attachment-thumbnail size-thumbnail wp-image-668\" alt=\"\" \/><\/a><\/figure><div class=\"elementor-image-box-content\"><h3 class=\"elementor-image-box-title\"><a href=\"https:\/\/icasueca.es\/web\/mediacion-2\/\">M.A.S.C<\/a><\/h3><p class=\"elementor-image-box-description\">MEDIACION Y CONCILIACION  como Medios Alternativos para la Soluci\u00f3n de Conflictos conforme a la L.O 1\/2025 de 2 de Enero, de Medidas en Materia del Servicio P\u00fablico de Justicia.<\/p><\/div><\/div>\t\t\t\t<\/div>\n\t\t\t\t<\/div>\n\t\t\t\t<\/div>\n\t\t\t\t\t<\/div>\n\t\t\t\t<\/div>\n\t\t\t\t<\/div>\n\t\t","protected":false},"excerpt":{"rendered":"<p>Colegio Descubre nuestra identidad, estructura y compromiso: desde nuestra historia hasta nuestros objetivos, pasando por nuestra organizaci\u00f3n interna y las pol\u00edticas que garantizan la m\u00e1xima calidad y seguridad, hasta la total transparencia y accesibilidad de nuestros servicios. Colegiaci\u00f3n Ven a nuestro colegio: Conoce el proceso de colegiaci\u00f3n, explora los beneficios exclusivos para miembros y accede [&hellip;]<\/p>\n","protected":false},"author":1,"featured_media":0,"parent":0,"menu_order":0,"comment_status":"closed","ping_status":"closed","template":"","meta":{"footnotes":""},"class_list":["post-23","page","type-page","status-publish","hentry"],"_links":{"self":[{"href":"https:\/\/icasueca.es\/web\/wp-json\/wp\/v2\/pages\/23","targetHints":{"allow":["GET"]}}],"collection":[{"href":"https:\/\/icasueca.es\/web\/wp-json\/wp\/v2\/pages"}],"about":[{"href":"https:\/\/icasueca.es\/web\/wp-json\/wp\/v2\/types\/page"}],"author":[{"embeddable":true,"href":"https:\/\/icasueca.es\/web\/wp-json\/wp\/v2\/users\/1"}],"replies":[{"embeddable":true,"href":"https:\/\/icasueca.es\/web\/wp-json\/wp\/v2\/comments?post=23"}],"version-history":[{"count":190,"href":"https:\/\/icasueca.es\/web\/wp-json\/wp\/v2\/pages\/23\/revisions"}],"predecessor-version":[{"id":1856,"href":"https:\/\/icasueca.es\/web\/wp-json\/wp\/v2\/pages\/23\/revisions\/1856"}],"wp:attachment":[{"href":"https:\/\/icasueca.es\/web\/wp-json\/wp\/v2\/media?parent=23"}],"curies":[{"name":"wp","href":"https:\/\/api.w.org\/{rel}","templated":true}]}}