{"id":549,"date":"2024-06-24T18:27:43","date_gmt":"2024-06-24T16:27:43","guid":{"rendered":"https:\/\/icasueca.es\/web\/?page_id=549"},"modified":"2025-07-03T23:13:32","modified_gmt":"2025-07-03T21:13:32","slug":"colegio","status":"publish","type":"page","link":"https:\/\/icasueca.es\/web\/colegio\/","title":{"rendered":"Colegio"},"content":{"rendered":"<style>\/*! elementor - v3.22.0 - 26-06-2024 *\/\n.elementor-widget-image-box .elementor-image-box-content{width:100%}@media (min-width:768px){.elementor-widget-image-box.elementor-position-left .elementor-image-box-wrapper,.elementor-widget-image-box.elementor-position-right .elementor-image-box-wrapper{display:flex}.elementor-widget-image-box.elementor-position-right .elementor-image-box-wrapper{text-align:end;flex-direction:row-reverse}.elementor-widget-image-box.elementor-position-left .elementor-image-box-wrapper{text-align:start;flex-direction:row}.elementor-widget-image-box.elementor-position-top .elementor-image-box-img{margin:auto}.elementor-widget-image-box.elementor-vertical-align-top .elementor-image-box-wrapper{align-items:flex-start}.elementor-widget-image-box.elementor-vertical-align-middle .elementor-image-box-wrapper{align-items:center}.elementor-widget-image-box.elementor-vertical-align-bottom .elementor-image-box-wrapper{align-items:flex-end}}@media (max-width:767px){.elementor-widget-image-box .elementor-image-box-img{margin-left:auto!important;margin-right:auto!important;margin-bottom:15px}}.elementor-widget-image-box .elementor-image-box-img{display:inline-block}.elementor-widget-image-box .elementor-image-box-title a{color:inherit}.elementor-widget-image-box .elementor-image-box-wrapper{text-align:center}.elementor-widget-image-box .elementor-image-box-description{margin:0}<\/style>\n<figure><a href=\"https:\/\/icasueca.es\/web\/saluda\/\" tabindex=\"-1\"><img decoding=\"async\" width=\"150\" height=\"150\" src=\"https:\/\/icasueca.es\/web\/wp-content\/uploads\/2024\/07\/Decano-961x1024-1-150x150.jpg\" alt=\"\" \/><\/a><\/figure>\n<h3><a href=\"https:\/\/icasueca.es\/web\/saluda\/\">Saluda<\/a><\/h3>\n<p>Saludo de nuestro Decano<\/p>\n<figure><a href=\"https:\/\/icasueca.es\/web\/sobre-nosotros\/\" tabindex=\"-1\"><img decoding=\"async\" width=\"150\" height=\"150\" src=\"https:\/\/icasueca.es\/web\/wp-content\/uploads\/2024\/07\/IMG_2361-150x150.jpg\" alt=\"\" \/><\/a><\/figure>\n<h3><a href=\"https:\/\/icasueca.es\/web\/sobre-nosotros\/\">Sobre Nosotros<\/a><\/h3>\n<p>Nuestra historia<\/p>\n<figure><a href=\"https:\/\/icasueca.es\/web\/estructura-organizativa\/\" tabindex=\"-1\"><img decoding=\"async\" width=\"150\" height=\"150\" src=\"https:\/\/icasueca.es\/web\/wp-content\/uploads\/2024\/07\/grafico-ibreta_53876-25937-150x150.jpg\" alt=\"\" \/><\/a><\/figure>\n<h3><a href=\"https:\/\/icasueca.es\/web\/estructura-organizativa\/\">Estructura Organizativa<\/a><\/h3>\n<p>Quienes somos<\/p>\n<figure><a href=\"https:\/\/icasueca.es\/web\/politica-de-calidad-y-seguridad\/\" tabindex=\"-1\"><img loading=\"lazy\" decoding=\"async\" width=\"150\" height=\"150\" src=\"https:\/\/icasueca.es\/web\/wp-content\/uploads\/2024\/07\/pexels-tara-winstead-8850709-150x150.jpg\" alt=\"\" \/><\/a><\/figure>\n<h3><a href=\"https:\/\/icasueca.es\/web\/politica-de-calidad-y-seguridad\/\">Pol\u00edtica de Calidad Y Seguridad<\/a><\/h3>\n<p>Nuestras pol\u00edticas<\/p>\n<figure><a href=\"https:\/\/icasueca.es\/web\/portal-de-transparencia\/\" tabindex=\"-1\"><img loading=\"lazy\" decoding=\"async\" width=\"150\" height=\"150\" src=\"https:\/\/icasueca.es\/web\/wp-content\/uploads\/2024\/07\/pexels-n-voitkevich-6863174-150x150.jpg\" alt=\"\" \/><\/a><\/figure>\n<h3><a href=\"https:\/\/icasueca.es\/web\/portal-de-transparencia\/\">Portal de Transparencia<\/a><\/h3>\n<p>Acceso a nuestro portal de transparencia<\/p>\n<figure><a href=\"https:\/\/icasueca.es\/web\/ventanilla-unica\/\" tabindex=\"-1\"><img loading=\"lazy\" decoding=\"async\" width=\"150\" height=\"150\" src=\"https:\/\/icasueca.es\/web\/wp-content\/uploads\/2024\/07\/pexels-pixabay-4158-150x150.jpg\" alt=\"\" \/><\/a><\/figure>\n<h3><a href=\"https:\/\/icasueca.es\/web\/ventanilla-unica\/\">Ventanilla \u00danica<\/a><\/h3>\n<p>Acceso a la Ventanilla \u00danica<\/p>\n","protected":false},"excerpt":{"rendered":"<p>Saluda Saludo de nuestro Decano Sobre Nosotros Nuestra historia Estructura Organizativa Quienes somos Pol\u00edtica de Calidad Y Seguridad Nuestras pol\u00edticas Portal de Transparencia Acceso a nuestro portal de transparencia Ventanilla \u00danica Acceso a la Ventanilla \u00danica<\/p>\n","protected":false},"author":1,"featured_media":0,"parent":0,"menu_order":0,"comment_status":"closed","ping_status":"closed","template":"","meta":{"footnotes":""},"class_list":["post-549","page","type-page","status-publish","hentry"],"_links":{"self":[{"href":"https:\/\/icasueca.es\/web\/wp-json\/wp\/v2\/pages\/549","targetHints":{"allow":["GET"]}}],"collection":[{"href":"https:\/\/icasueca.es\/web\/wp-json\/wp\/v2\/pages"}],"about":[{"href":"https:\/\/icasueca.es\/web\/wp-json\/wp\/v2\/types\/page"}],"author":[{"embeddable":true,"href":"https:\/\/icasueca.es\/web\/wp-json\/wp\/v2\/users\/1"}],"replies":[{"embeddable":true,"href":"https:\/\/icasueca.es\/web\/wp-json\/wp\/v2\/comments?post=549"}],"version-history":[{"count":46,"href":"https:\/\/icasueca.es\/web\/wp-json\/wp\/v2\/pages\/549\/revisions"}],"predecessor-version":[{"id":1145,"href":"https:\/\/icasueca.es\/web\/wp-json\/wp\/v2\/pages\/549\/revisions\/1145"}],"wp:attachment":[{"href":"https:\/\/icasueca.es\/web\/wp-json\/wp\/v2\/media?parent=549"}],"curies":[{"name":"wp","href":"https:\/\/api.w.org\/{rel}","templated":true}]}}