{"id":611,"date":"2024-06-25T11:07:29","date_gmt":"2024-06-25T09:07:29","guid":{"rendered":"https:\/\/icasueca.es\/web\/?page_id=611"},"modified":"2025-01-29T12:07:31","modified_gmt":"2025-01-29T11:07:31","slug":"justicia-gratuita","status":"publish","type":"page","link":"https:\/\/icasueca.es\/web\/justicia-gratuita\/","title":{"rendered":"Justicia Gratuita"},"content":{"rendered":"\t\t<div data-elementor-type=\"wp-page\" data-elementor-id=\"611\" class=\"elementor elementor-611\" data-elementor-post-type=\"page\">\n\t\t\t\t<div class=\"elementor-element elementor-element-fb01f2e e-flex e-con-boxed e-con e-parent\" data-id=\"fb01f2e\" data-element_type=\"container\">\n\t\t\t\t\t<div class=\"e-con-inner\">\n\t\t<div class=\"elementor-element elementor-element-260bfdc e-grid e-con-full e-con e-child\" data-id=\"260bfdc\" data-element_type=\"container\">\n\t\t\t\t<div class=\"elementor-element elementor-element-d55db28 elementor-position-right elementor-vertical-align-top elementor-widget elementor-widget-image-box\" data-id=\"d55db28\" data-element_type=\"widget\" data-widget_type=\"image-box.default\">\n\t\t\t\t<div class=\"elementor-widget-container\">\n\t\t\t\t\t<div class=\"elementor-image-box-wrapper\"><figure class=\"elementor-image-box-img\"><a href=\"https:\/\/icasueca.es\/web\/informacion-general\/\" tabindex=\"-1\"><img decoding=\"async\" width=\"150\" height=\"150\" src=\"https:\/\/icasueca.es\/web\/wp-content\/uploads\/2024\/07\/pexels-karolina-grabowska-4467739-150x150.jpg\" class=\"attachment-thumbnail size-thumbnail wp-image-1109\" alt=\"\" \/><\/a><\/figure><div class=\"elementor-image-box-content\"><h3 class=\"elementor-image-box-title\"><a href=\"https:\/\/icasueca.es\/web\/informacion-general\/\">Informaci\u00f3n General<\/a><\/h3><p class=\"elementor-image-box-description\">Como y quien puede solicitarla<\/p><\/div><\/div>\t\t\t\t<\/div>\n\t\t\t\t<\/div>\n\t\t\t\t<div class=\"elementor-element elementor-element-ab76c49 elementor-position-right elementor-vertical-align-top elementor-widget elementor-widget-image-box\" data-id=\"ab76c49\" data-element_type=\"widget\" data-widget_type=\"image-box.default\">\n\t\t\t\t<div class=\"elementor-widget-container\">\n\t\t\t\t\t<div class=\"elementor-image-box-wrapper\"><figure class=\"elementor-image-box-img\"><a href=\"https:\/\/icasueca.es\/web\/servicio-de-orientacion-juridica\/\" tabindex=\"-1\"><img decoding=\"async\" width=\"150\" height=\"150\" src=\"https:\/\/icasueca.es\/web\/wp-content\/uploads\/2024\/07\/pexels-pavel-danilyuk-8111881-150x150.jpg\" class=\"attachment-thumbnail size-thumbnail wp-image-1112\" alt=\"\" \/><\/a><\/figure><div class=\"elementor-image-box-content\"><h3 class=\"elementor-image-box-title\"><a href=\"https:\/\/icasueca.es\/web\/servicio-de-orientacion-juridica\/\">Servicio de Orientaci\u00f3n Juridica<\/a><\/h3><p class=\"elementor-image-box-description\">Que ofrecemos<\/p><\/div><\/div>\t\t\t\t<\/div>\n\t\t\t\t<\/div>\n\t\t\t\t<div class=\"elementor-element elementor-element-3b01a9a elementor-position-right elementor-vertical-align-top elementor-widget elementor-widget-image-box\" data-id=\"3b01a9a\" data-element_type=\"widget\" data-widget_type=\"image-box.default\">\n\t\t\t\t<div class=\"elementor-widget-container\">\n\t\t\t\t\t<div class=\"elementor-image-box-wrapper\"><figure class=\"elementor-image-box-img\"><a href=\"https:\/\/icasueca.es\/web\/documentacion-y-recursos\/\" tabindex=\"-1\"><img decoding=\"async\" width=\"150\" height=\"150\" src=\"https:\/\/icasueca.es\/web\/wp-content\/uploads\/2024\/07\/pexels-mccutcheon-1148399-150x150.jpg\" class=\"attachment-thumbnail size-thumbnail wp-image-1108\" alt=\"\" \/><\/a><\/figure><div class=\"elementor-image-box-content\"><h3 class=\"elementor-image-box-title\"><a href=\"https:\/\/icasueca.es\/web\/documentacion-y-recursos\/\">Documentaci\u00f3n y recursos<\/a><\/h3><p class=\"elementor-image-box-description\">Aqu\u00ed tienes la documentaci\u00f3n necesaria<\/p><\/div><\/div>\t\t\t\t<\/div>\n\t\t\t\t<\/div>\n\t\t\t\t<div class=\"elementor-element elementor-element-4ab5e42 elementor-position-right elementor-vertical-align-top elementor-widget elementor-widget-image-box\" data-id=\"4ab5e42\" data-element_type=\"widget\" data-widget_type=\"image-box.default\">\n\t\t\t\t<div class=\"elementor-widget-container\">\n\t\t\t\t\t<div class=\"elementor-image-box-wrapper\"><figure class=\"elementor-image-box-img\"><a href=\"https:\/\/icasueca.es\/web\/documentacion-y-recursos\/\" tabindex=\"-1\"><img loading=\"lazy\" decoding=\"async\" width=\"150\" height=\"150\" src=\"https:\/\/icasueca.es\/web\/wp-content\/uploads\/2024\/07\/pexels-pixabay-164686-150x150.jpg\" class=\"attachment-thumbnail size-thumbnail wp-image-1114\" alt=\"\" \/><\/a><\/figure><div class=\"elementor-image-box-content\"><h3 class=\"elementor-image-box-title\"><a href=\"https:\/\/icasueca.es\/web\/documentacion-y-recursos\/\">Abogados del turno de oficio<\/a><\/h3><p class=\"elementor-image-box-description\">Listado de abogados inscritos en el turno de oficio <\/p><\/div><\/div>\t\t\t\t<\/div>\n\t\t\t\t<\/div>\n\t\t\t\t<\/div>\n\t\t\t\t\t<\/div>\n\t\t\t\t<\/div>\n\t\t\t\t<\/div>\n\t\t","protected":false},"excerpt":{"rendered":"<p>Informaci\u00f3n General Como y quien puede solicitarla Servicio de Orientaci\u00f3n Juridica Que ofrecemos Documentaci\u00f3n y recursos Aqu\u00ed tienes la documentaci\u00f3n necesaria Abogados del turno de oficio Listado de abogados inscritos en el turno de oficio<\/p>\n","protected":false},"author":1,"featured_media":0,"parent":0,"menu_order":0,"comment_status":"closed","ping_status":"closed","template":"","meta":{"footnotes":""},"class_list":["post-611","page","type-page","status-publish","hentry"],"_links":{"self":[{"href":"https:\/\/icasueca.es\/web\/wp-json\/wp\/v2\/pages\/611","targetHints":{"allow":["GET"]}}],"collection":[{"href":"https:\/\/icasueca.es\/web\/wp-json\/wp\/v2\/pages"}],"about":[{"href":"https:\/\/icasueca.es\/web\/wp-json\/wp\/v2\/types\/page"}],"author":[{"embeddable":true,"href":"https:\/\/icasueca.es\/web\/wp-json\/wp\/v2\/users\/1"}],"replies":[{"embeddable":true,"href":"https:\/\/icasueca.es\/web\/wp-json\/wp\/v2\/comments?post=611"}],"version-history":[{"count":25,"href":"https:\/\/icasueca.es\/web\/wp-json\/wp\/v2\/pages\/611\/revisions"}],"predecessor-version":[{"id":1120,"href":"https:\/\/icasueca.es\/web\/wp-json\/wp\/v2\/pages\/611\/revisions\/1120"}],"wp:attachment":[{"href":"https:\/\/icasueca.es\/web\/wp-json\/wp\/v2\/media?parent=611"}],"curies":[{"name":"wp","href":"https:\/\/api.w.org\/{rel}","templated":true}]}}