{"id":75,"date":"2024-06-10T17:42:51","date_gmt":"2024-06-10T15:42:51","guid":{"rendered":"https:\/\/icasueca.es\/web\/?page_id=75"},"modified":"2024-07-19T15:45:07","modified_gmt":"2024-07-19T13:45:07","slug":"sobre-nosotros","status":"publish","type":"page","link":"https:\/\/icasueca.es\/web\/sobre-nosotros\/","title":{"rendered":"Sobre Nosotros"},"content":{"rendered":"\t\t<div data-elementor-type=\"wp-page\" data-elementor-id=\"75\" class=\"elementor elementor-75\" data-elementor-post-type=\"page\">\n\t\t\t\t<div class=\"elementor-element elementor-element-6726f17 e-flex e-con-boxed e-con e-parent\" data-id=\"6726f17\" data-element_type=\"container\">\n\t\t\t\t\t<div class=\"e-con-inner\">\n\t\t\t\t<div class=\"elementor-element elementor-element-31ef838 elementor-widget elementor-widget-heading\" data-id=\"31ef838\" data-element_type=\"widget\" data-widget_type=\"heading.default\">\n\t\t\t\t<div class=\"elementor-widget-container\">\n\t\t\t\t\t<h2 class=\"elementor-heading-title elementor-size-default\">Historia, misi\u00f3n, visi\u00f3n, y objetivos del colegio.<\/h2>\t\t\t\t<\/div>\n\t\t\t\t<\/div>\n\t\t\t\t<div class=\"elementor-element elementor-element-d964a23 elementor-widget elementor-widget-text-editor\" data-id=\"d964a23\" data-element_type=\"widget\" data-widget_type=\"text-editor.default\">\n\t\t\t\t<div class=\"elementor-widget-container\">\n\t\t\t\t\t\t\t\t\t<p>\u00a0 \u00a0 \u00a0El Colegio de Abogados de Sueca, una de las instituciones m\u00e1s antiguas de la provincia de Valencia, fue fundado el 17 de agosto de 1841. Este colegio, que surgi\u00f3 bajo la influencia de la Constituci\u00f3n progresista de 1837, es el segundo m\u00e1s antiguo de la provincia y uno de los m\u00e1s longevos de toda Espa\u00f1a. A lo largo de sus m\u00e1s de 175 a\u00f1os de historia, el colegio ha evolucionado adapt\u00e1ndose a las cambiantes legislaciones y a las realidades sociales espec\u00edficas de cada \u00e9poca.<\/p>\n<p><!-- \/wp:paragraph --><!-- wp:paragraph --><\/p>\n<p>\u00a0 \u00a0 Desde la aprobaci\u00f3n de la Constituci\u00f3n Espa\u00f1ola de 1978, el colegio ha mostrado un compromiso firme con la defensa de la lengua valenciana y el derecho hist\u00f3rico de los valencianos, principios que est\u00e1n reflejados en sus estatutos actuales. Adem\u00e1s, fue pionero en la lucha por recuperar el Derecho Civil Valenciano, destacando en 1991 durante su 150 aniversario con la publicaci\u00f3n de un facs\u00edmil de un manual procesal del siglo XVII, utilizado por notarios y abogados de la \u00e9poca.<\/p>\n<p><!-- \/wp:paragraph --><!-- wp:paragraph --><\/p>\n<p>\u00a0 \u00a0 El Colegio ha sido activo en la promoci\u00f3n de los Derechos Humanos y del Estado social y democr\u00e1tico de Derecho, como se observa en las funciones que trascienden su esfera corporativa interna. Ha sido especialmente diligente en defender a las personas desfavorecidas a trav\u00e9s de servicios como la Orientaci\u00f3n Jur\u00eddica y el Turno de Oficio, adem\u00e1s de innovar con la creaci\u00f3n de un Centro de Mediaci\u00f3n y servicios de asesoramiento para afectados por ejecuciones hipotecarias.<\/p>\n<p><!-- \/wp:paragraph --><!-- wp:paragraph --><\/p>\n<p>\u00a0 \u00a0 El \u00e1mbito territorial del Colegio abarca catorce municipios, gestionando servicios a trav\u00e9s de seis juzgados de Primera Instancia e Instrucci\u00f3n. Durante el aniversario de su fundaci\u00f3n, el colegio recibi\u00f3 la Medalla de Oro de la Ciudad y analiz\u00f3 aspectos importantes del pasado, presente y futuro de la profesi\u00f3n en eventos que incluyeron la participaci\u00f3n de numerosos profesionales del \u00e1mbito judicial y legal. Estas actividades subrayan la importancia continua del Colegio de Abogados de Sueca en la comunidad legal y en la sociedad en general.<\/p>\t\t\t\t\t\t\t\t<\/div>\n\t\t\t\t<\/div>\n\t\t\t\t<div class=\"elementor-element elementor-element-b5279f1 elementor-widget-divider--view-line elementor-widget elementor-widget-divider\" data-id=\"b5279f1\" data-element_type=\"widget\" data-widget_type=\"divider.default\">\n\t\t\t\t<div class=\"elementor-widget-container\">\n\t\t\t\t\t\t\t<div class=\"elementor-divider\">\n\t\t\t<span class=\"elementor-divider-separator\">\n\t\t\t\t\t\t<\/span>\n\t\t<\/div>\n\t\t\t\t\t\t<\/div>\n\t\t\t\t<\/div>\n\t\t\t\t<div class=\"elementor-element elementor-element-17a65f50 elementor-widget elementor-widget-text-editor\" data-id=\"17a65f50\" data-element_type=\"widget\" data-widget_type=\"text-editor.default\">\n\t\t\t\t<div class=\"elementor-widget-container\">\n\t\t\t\t\t\t\t\t\t<!-- wp:paragraph --><!-- \/wp:paragraph --><!-- wp:paragraph --><!-- \/wp:separator --><!-- wp:paragraph --><!-- \/wp:paragraph --><!-- wp:paragraph -->\n<p>\u00a0 \u00a0 Nuestra misi\u00f3n es consolidar el ejercicio de la abogac\u00eda como un servicio fundamental para la sociedad, garantizando el acceso a la justicia y fomentando la defensa de los derechos humanos a trav\u00e9s de la pr\u00e1ctica \u00e9tica y responsable. Nos comprometemos a apoyar a nuestros colegiados en su desarrollo profesional, asegurando que cuenten con las herramientas y conocimientos necesarios para ejercer su profesi\u00f3n con excelencia y responsabilidad social.<\/p>\n<!-- \/wp:paragraph --><!-- wp:paragraph -->\n<p>\u00a0 \u00a0 Aspiramos a ser reconocidos como una instituci\u00f3n l\u00edder en la promoci\u00f3n de la justicia y la equidad, una entidad que contribuye activamente a la mejora de las leyes y la sociedad. Visualizamos un futuro donde la abogac\u00eda no solo sea vista como una profesi\u00f3n, sino como un pilar esencial en la construcci\u00f3n de una sociedad m\u00e1s justa. Queremos ser un colegio que se anticipe y adapte a los cambios del entorno legal y social, manteniendo siempre los intereses de los ciudadanos y de nuestros colegiados al frente de nuestras prioridades.<\/p>\n<!-- \/wp:paragraph --><!-- wp:paragraph -->\n<p>\u00a0 \u00a0 A trav\u00e9s de nuestro Servicio de Orientaci\u00f3n Jur\u00eddica y programas de Justicia Gratuita, nos esforzamos por garantizar que todos los ciudadanos, independientemente de su situaci\u00f3n econ\u00f3mica, tengan acceso a asesoramiento legal competente y eficaz. Ofrecemos servicios de mediaci\u00f3n que buscan resolver disputas de manera eficiente y menos adversarial, proporcionando alternativas que favorezcan el entendimiento mutuo y soluciones duraderas. Nos dedicamos a la formaci\u00f3n continua de nuestros abogados, proporcionando recursos, capacitaciones y apoyos que les permitan estar al d\u00eda con las innovaciones legales y tecnol\u00f3gicas, asegurando una pr\u00e1ctica legal de vanguardia. Defenderemos los intereses profesionales de los abogados, promoviendo pol\u00edticas que respeten su labor y contribuyan a su reconocimiento social como defensores de la justicia. Estamos comprometidos con una gesti\u00f3n transparente y participativa, invitando a nuestros colegiados a involucrarse activamente en la vida institucional, asegurando que el Colegio responda a sus necesidades y aspiraciones.<\/p>\n<!-- \/wp:paragraph --><!-- wp:paragraph -->\n<p>\u00a0 \u00a0 Si est\u00e1s considerando unirte a nuestra comunidad, te invitamos a ser parte de un colegio que no solo se preocupa por el desarrollo profesional de sus miembros, sino que tambi\u00e9n se compromete profundamente con el bienestar social. Aqu\u00ed encontrar\u00e1s un ambiente de apoyo, oportunidades continuas para tu desarrollo profesional y la chance de contribuir a importantes cambios sociales a trav\u00e9s de tu pr\u00e1ctica legal.<\/p>\n<!-- \/wp:paragraph --><!-- wp:paragraph -->\n<p>\u00a0 \u00a0 Para la sociedad, nos presentamos como un aliado estrat\u00e9gico en el acceso a la justicia. A trav\u00e9s de nuestros programas de orientaci\u00f3n jur\u00eddica, mediaci\u00f3n y justicia gratuita, reafirmamos cada d\u00eda nuestro compromiso de servir y proteger los derechos de cada ciudadano, asegurando que la justicia sea verdaderamente accesible para todos.<\/p>\n<!-- \/wp:paragraph --><!-- wp:paragraph -->\n<p>\u00a0 \u00a0 En el Colegio de la Abogac\u00eda, creemos en el poder de la abogac\u00eda para cambiar vidas. Estamos aqu\u00ed para apoyarte en cada paso de tu carrera y juntos, hacer una diferencia significativa en la sociedad.<\/p>\n<!-- \/wp:separator --><!-- wp:paragraph --><!-- \/wp:paragraph -->\t\t\t\t\t\t\t\t<\/div>\n\t\t\t\t<\/div>\n\t\t\t\t\t<\/div>\n\t\t\t\t<\/div>\n\t\t\t\t<\/div>\n\t\t","protected":false},"excerpt":{"rendered":"<p>Historia, misi\u00f3n, visi\u00f3n, y objetivos del colegio. \u00a0 \u00a0 \u00a0El Colegio de Abogados de Sueca, una de las instituciones m\u00e1s antiguas de la provincia de Valencia, fue fundado el 17 de agosto de 1841. Este colegio, que surgi\u00f3 bajo la influencia de la Constituci\u00f3n progresista de 1837, es el segundo m\u00e1s antiguo de la provincia [&hellip;]<\/p>\n","protected":false},"author":1,"featured_media":0,"parent":0,"menu_order":0,"comment_status":"closed","ping_status":"closed","template":"","meta":{"footnotes":""},"class_list":["post-75","page","type-page","status-publish","hentry"],"_links":{"self":[{"href":"https:\/\/icasueca.es\/web\/wp-json\/wp\/v2\/pages\/75","targetHints":{"allow":["GET"]}}],"collection":[{"href":"https:\/\/icasueca.es\/web\/wp-json\/wp\/v2\/pages"}],"about":[{"href":"https:\/\/icasueca.es\/web\/wp-json\/wp\/v2\/types\/page"}],"author":[{"embeddable":true,"href":"https:\/\/icasueca.es\/web\/wp-json\/wp\/v2\/users\/1"}],"replies":[{"embeddable":true,"href":"https:\/\/icasueca.es\/web\/wp-json\/wp\/v2\/comments?post=75"}],"version-history":[{"count":28,"href":"https:\/\/icasueca.es\/web\/wp-json\/wp\/v2\/pages\/75\/revisions"}],"predecessor-version":[{"id":1358,"href":"https:\/\/icasueca.es\/web\/wp-json\/wp\/v2\/pages\/75\/revisions\/1358"}],"wp:attachment":[{"href":"https:\/\/icasueca.es\/web\/wp-json\/wp\/v2\/media?parent=75"}],"curies":[{"name":"wp","href":"https:\/\/api.w.org\/{rel}","templated":true}]}}