{"id":81,"date":"2024-06-10T17:47:18","date_gmt":"2024-06-10T15:47:18","guid":{"rendered":"https:\/\/icasueca.es\/web\/?page_id=81"},"modified":"2024-07-25T11:00:03","modified_gmt":"2024-07-25T09:00:03","slug":"politica-de-calidad-y-seguridad","status":"publish","type":"page","link":"https:\/\/icasueca.es\/web\/politica-de-calidad-y-seguridad\/","title":{"rendered":"Pol\u00edtica de Calidad y Seguridad"},"content":{"rendered":"\t\t<div data-elementor-type=\"wp-page\" data-elementor-id=\"81\" class=\"elementor elementor-81\" data-elementor-post-type=\"page\">\n\t\t\t\t<div class=\"elementor-element elementor-element-11fa29c3 e-flex e-con-boxed e-con e-parent\" data-id=\"11fa29c3\" data-element_type=\"container\">\n\t\t\t\t\t<div class=\"e-con-inner\">\n\t\t\t\t<div class=\"elementor-element elementor-element-2cd85eec elementor-widget elementor-widget-text-editor\" data-id=\"2cd85eec\" data-element_type=\"widget\" data-widget_type=\"text-editor.default\">\n\t\t\t\t<div class=\"elementor-widget-container\">\n\t\t\t\t\t\t\t\t\t\n<h4>\u00a0<\/h4>\n<h4 style=\"text-align: center;\"><strong><span style=\"text-decoration: underline;\">POLITICA DE CALIDAD Y SEGURIDAD<\/span><\/strong><\/h4>\n\n<p class=\"has-text-align-left\">En el Ilustre Colegio de la Abogac\u00eda de Sueca, estamos comprometidos con ofrecer servicios de la m\u00e1s alta calidad y mantener la seguridad de la informaci\u00f3n conforme a las mejores pr\u00e1cticas y el cumplimiento normativo, incluida la Ley 2\/2023. Esta secci\u00f3n detalla nuestro enfoque y las medidas que implementamos para asegurar la excelencia y la integridad en todos nuestros procesos.<\/p>\n\n<p class=\"has-text-align-left\"><strong>Compromiso con la Calidad<\/strong><br \/>Nuestro colegio se esfuerza continuamente por mejorar la calidad de los servicios que proporcionamos a nuestros colegiados y al p\u00fablico. Nuestro compromiso se basa en estrictos est\u00e1ndares de profesionalismo y eficacia, evaluados peri\u00f3dicamente a trav\u00e9s de auditor\u00edas internas y el feedback de nuestros usuarios.<\/p>\n\n<p class=\"has-text-align-left\"><strong>Seguridad de la Informaci\u00f3n<\/strong><br \/>La protecci\u00f3n de la informaci\u00f3n es fundamental para nosotros. Implementamos avanzadas tecnolog\u00edas de seguridad, incluyendo cifrado de datos y sistemas de autenticaci\u00f3n\u00a0 robustos, para garantizar que la informaci\u00f3n personal y profesional de nuestros colegiados y usuarios est\u00e9 protegida contra accesos no autorizados o cualquier forma de compromiso.<\/p>\n\n<p class=\"has-text-align-left\"><strong>Cumplimiento Normativo<\/strong><br \/>Adherimos a la Ley 2\/2023 y otras regulaciones relevantes que afectan nuestra operativa y la profesi\u00f3n legal. Contamos con un equipo dedicado al cumplimiento normativo que asegura que nuestras pr\u00e1cticas est\u00e9n siempre actualizadas con la legislaci\u00f3n vigente.<\/p>\n\n<p class=\"has-text-align-left\"><strong>Formaci\u00f3n y Concienciaci\u00f3n<\/strong><br \/>\u00a0 \u00a0 Creemos en el poder de la educaci\u00f3n y la formaci\u00f3n continua. Por ello, ofrecemos regularmente capacitaciones a nuestro personal y colegiados sobre calidad, seguridad de la informaci\u00f3n y cumplimiento de leyes. Estas iniciativas ayudan a fortalecer una cultura de alta conciencia y responsabilidad.<\/p>\n\n<p class=\"has-text-align-left\"><strong>Mecanismos de Reporte y Respuesta<\/strong><br \/>\u00a0 \u00a0 Fomentamos una comunicaci\u00f3n abierta y transparente. Para facilitar esto, hemos implementado un canal de denuncias, donde nuestros colegiados o el p\u00fablico pueden reportar cualquier preocupaci\u00f3n relacionada con la calidad o la seguridad. Garantizamos un proceso claro y efectivo para tratar y responder a estas inquietudes de manera r\u00e1pida y justa. Estos canales est\u00e1n dise\u00f1ados para asegurar la confidencialidad y la protecci\u00f3n de los denunciantes.<\/p>\n\n<p class=\"has-text-align-left\"><strong>Revisiones y Actualizaciones<\/strong><br \/>Nuestra pol\u00edtica de calidad y seguridad es revisada anualmente para asegurar su relevancia y efectividad. Las actualizaciones son realizadas por nuestro equipo de gesti\u00f3n de calidad y comunicadas a todos los interesados de manera oportuna.<\/p>\n\n<p class=\"has-text-align-left\">En el Ilustre Colegio de la Abogac\u00eda de Sueca, estamos dedicados a mantener los m\u00e1s altos est\u00e1ndares de calidad y seguridad, cumpliendo con nuestras obligaciones legales y \u00e9ticas, para beneficio de todos nuestros colegiados y la comunidad que servimos.<\/p>\n\t\t\t\t\t\t\t\t<\/div>\n\t\t\t\t<\/div>\n\t\t\t\t\t<\/div>\n\t\t\t\t<\/div>\n\t\t\t\t<\/div>\n\t\t","protected":false},"excerpt":{"rendered":"<p>\u00a0 POLITICA DE CALIDAD Y SEGURIDAD En el Ilustre Colegio de la Abogac\u00eda de Sueca, estamos comprometidos con ofrecer servicios de la m\u00e1s alta calidad y mantener la seguridad de la informaci\u00f3n conforme a las mejores pr\u00e1cticas y el cumplimiento normativo, incluida la Ley 2\/2023. Esta secci\u00f3n detalla nuestro enfoque y las medidas que implementamos [&hellip;]<\/p>\n","protected":false},"author":1,"featured_media":0,"parent":0,"menu_order":0,"comment_status":"closed","ping_status":"closed","template":"","meta":{"footnotes":""},"class_list":["post-81","page","type-page","status-publish","hentry"],"_links":{"self":[{"href":"https:\/\/icasueca.es\/web\/wp-json\/wp\/v2\/pages\/81","targetHints":{"allow":["GET"]}}],"collection":[{"href":"https:\/\/icasueca.es\/web\/wp-json\/wp\/v2\/pages"}],"about":[{"href":"https:\/\/icasueca.es\/web\/wp-json\/wp\/v2\/types\/page"}],"author":[{"embeddable":true,"href":"https:\/\/icasueca.es\/web\/wp-json\/wp\/v2\/users\/1"}],"replies":[{"embeddable":true,"href":"https:\/\/icasueca.es\/web\/wp-json\/wp\/v2\/comments?post=81"}],"version-history":[{"count":24,"href":"https:\/\/icasueca.es\/web\/wp-json\/wp\/v2\/pages\/81\/revisions"}],"predecessor-version":[{"id":1605,"href":"https:\/\/icasueca.es\/web\/wp-json\/wp\/v2\/pages\/81\/revisions\/1605"}],"wp:attachment":[{"href":"https:\/\/icasueca.es\/web\/wp-json\/wp\/v2\/media?parent=81"}],"curies":[{"name":"wp","href":"https:\/\/api.w.org\/{rel}","templated":true}]}}