{"id":84,"date":"2024-06-10T17:49:11","date_gmt":"2024-06-10T15:49:11","guid":{"rendered":"https:\/\/icasueca.es\/web\/?page_id=84"},"modified":"2024-07-19T16:25:03","modified_gmt":"2024-07-19T14:25:03","slug":"portal-de-transparencia","status":"publish","type":"page","link":"https:\/\/icasueca.es\/web\/portal-de-transparencia\/","title":{"rendered":"Portal de Transparencia"},"content":{"rendered":"\t\t<div data-elementor-type=\"wp-page\" data-elementor-id=\"84\" class=\"elementor elementor-84\" data-elementor-post-type=\"page\">\n\t\t\t\t<div class=\"elementor-element elementor-element-5f921e3 e-flex e-con-boxed e-con e-parent\" data-id=\"5f921e3\" data-element_type=\"container\">\n\t\t\t\t\t<div class=\"e-con-inner\">\n\t\t\t\t<div class=\"elementor-element elementor-element-5cb24002 elementor-widget elementor-widget-text-editor\" data-id=\"5cb24002\" data-element_type=\"widget\" data-widget_type=\"text-editor.default\">\n\t\t\t\t<div class=\"elementor-widget-container\">\n\t\t\t\t\t\t\t\t\t\n<p><strong>Sobre la Transparencia<\/strong><br \/>\u00a0 \u00a0 En el Ilustre Colegio de la Abogac\u00eda de Sueca, estamos plenamente comprometidos con los principios de transparencia y acceso a la informaci\u00f3n p\u00fablica, en l\u00ednea con lo establecido por la Ley 19\/2013. Esta legislaci\u00f3n fomenta la transparencia en la actividad p\u00fablica y garantiza el derecho a la informaci\u00f3n. Nuestro compromiso se refleja en la publicaci\u00f3n y actualizaci\u00f3n constante de informaci\u00f3n relevante sobre nuestras operaciones y decisiones, asegurando que nuestros colegiados y el p\u00fablico en general puedan acceder f\u00e1cilmente a ella.<\/p>\n\n<p><strong>Informaci\u00f3n Institucional<\/strong><br \/>\u00a0 \u00a0 El Colegio est\u00e1 estructurado para promover la eficiencia y el profesionalismo en el ejercicio de la abogac\u00eda. La estructura incluye varios departamentos y comit\u00e9s especializados, cada uno dedicado a diferentes aspectos de la gobernanza y la administraci\u00f3n del Colegio.<\/p>\n\n<p><strong>Pol\u00edticas de Calidad y Seguridad<\/strong><br \/>\u00a0 \u00a0 Mantenemos un enfoque riguroso en calidad y seguridad, con pol\u00edticas que se actualizan regularmente para reflejar las mejores pr\u00e1cticas y normativas legales. Estas pol\u00edticas est\u00e1n dise\u00f1adas para garantizar la excelencia en todos nuestros servicios y la protecci\u00f3n de la informaci\u00f3n gestionada.<\/p>\n\n<p><strong>Informaci\u00f3n Econ\u00f3mica<\/strong><br \/>\u00a0 \u00a0 Proporcionamos una visi\u00f3n completa y transparente de nuestra gesti\u00f3n econ\u00f3mica. Esta secci\u00f3n incluye informaci\u00f3n detallada sobre nuestros presupuestos anuales, informes financieros y auditor\u00edas. Tambi\u00e9n publicamos datos sobre contrataciones y adquisiciones para asegurar una total transparencia en nuestros procesos de contrataci\u00f3n.<\/p>\n\n<p><strong>Abogac\u00eda en Datos<\/strong><br \/>\u00a0 \u00a0 Esta secci\u00f3n ofrece estad\u00edsticas detalladas y an\u00e1lisis de datos sobre la abogac\u00eda. Incluye informaci\u00f3n sobre el n\u00famero de colegiados activos, distribuci\u00f3n geogr\u00e1fica, especializaciones m\u00e1s comunes, y tendencias en el ejercicio de la profesi\u00f3n. Estos datos son una herramienta valiosa para entender el panorama actual de la abogac\u00eda y su evoluci\u00f3n a lo largo del tiempo.<\/p>\n\t\t\t\t\t\t\t\t<\/div>\n\t\t\t\t<\/div>\n\t\t\t\t<div class=\"elementor-element elementor-element-2638aa2 elementor-align-center elementor-widget elementor-widget-button\" data-id=\"2638aa2\" data-element_type=\"widget\" data-widget_type=\"button.default\">\n\t\t\t\t<div class=\"elementor-widget-container\">\n\t\t\t\t\t\t\t\t\t<div class=\"elementor-button-wrapper\">\n\t\t\t\t\t<a class=\"elementor-button elementor-button-link elementor-size-sm\" href=\"https:\/\/datos.abogacia.es\/\" target=\"_blank\">\n\t\t\t\t\t\t<span class=\"elementor-button-content-wrapper\">\n\t\t\t\t\t\t\t\t\t<span class=\"elementor-button-text\">Abogac\u00eda en datos<\/span>\n\t\t\t\t\t<\/span>\n\t\t\t\t\t<\/a>\n\t\t\t\t<\/div>\n\t\t\t\t\t\t\t\t<\/div>\n\t\t\t\t<\/div>\n\t\t\t\t\t<\/div>\n\t\t\t\t<\/div>\n\t\t\t\t<\/div>\n\t\t","protected":false},"excerpt":{"rendered":"<p>Sobre la Transparencia\u00a0 \u00a0 En el Ilustre Colegio de la Abogac\u00eda de Sueca, estamos plenamente comprometidos con los principios de transparencia y acceso a la informaci\u00f3n p\u00fablica, en l\u00ednea con lo establecido por la Ley 19\/2013. Esta legislaci\u00f3n fomenta la transparencia en la actividad p\u00fablica y garantiza el derecho a la informaci\u00f3n. Nuestro compromiso se [&hellip;]<\/p>\n","protected":false},"author":1,"featured_media":0,"parent":0,"menu_order":0,"comment_status":"closed","ping_status":"closed","template":"","meta":{"footnotes":""},"class_list":["post-84","page","type-page","status-publish","hentry"],"_links":{"self":[{"href":"https:\/\/icasueca.es\/web\/wp-json\/wp\/v2\/pages\/84","targetHints":{"allow":["GET"]}}],"collection":[{"href":"https:\/\/icasueca.es\/web\/wp-json\/wp\/v2\/pages"}],"about":[{"href":"https:\/\/icasueca.es\/web\/wp-json\/wp\/v2\/types\/page"}],"author":[{"embeddable":true,"href":"https:\/\/icasueca.es\/web\/wp-json\/wp\/v2\/users\/1"}],"replies":[{"embeddable":true,"href":"https:\/\/icasueca.es\/web\/wp-json\/wp\/v2\/comments?post=84"}],"version-history":[{"count":15,"href":"https:\/\/icasueca.es\/web\/wp-json\/wp\/v2\/pages\/84\/revisions"}],"predecessor-version":[{"id":1373,"href":"https:\/\/icasueca.es\/web\/wp-json\/wp\/v2\/pages\/84\/revisions\/1373"}],"wp:attachment":[{"href":"https:\/\/icasueca.es\/web\/wp-json\/wp\/v2\/media?parent=84"}],"curies":[{"name":"wp","href":"https:\/\/api.w.org\/{rel}","templated":true}]}}