{"id":87,"date":"2024-06-10T17:50:41","date_gmt":"2024-06-10T15:50:41","guid":{"rendered":"https:\/\/icasueca.es\/web\/?page_id=87"},"modified":"2024-07-25T11:00:40","modified_gmt":"2024-07-25T09:00:40","slug":"ventanilla-unica","status":"publish","type":"page","link":"https:\/\/icasueca.es\/web\/ventanilla-unica\/","title":{"rendered":"Ventanilla \u00danica"},"content":{"rendered":"\t\t<div data-elementor-type=\"wp-page\" data-elementor-id=\"87\" class=\"elementor elementor-87\" data-elementor-post-type=\"page\">\n\t\t\t\t<div class=\"elementor-element elementor-element-2e19bbcf e-flex e-con-boxed e-con e-parent\" data-id=\"2e19bbcf\" data-element_type=\"container\">\n\t\t\t\t\t<div class=\"e-con-inner\">\n\t\t\t\t<div class=\"elementor-element elementor-element-3540e3a6 elementor-widget elementor-widget-text-editor\" data-id=\"3540e3a6\" data-element_type=\"widget\" data-widget_type=\"text-editor.default\">\n\t\t\t\t<div class=\"elementor-widget-container\">\n\t\t\t\t\t\t\t\t\t\n<h3 style=\"text-align: center;\"><strong>VENTANILLA \u00daNICA<\/strong><\/h3>\n\n<p>\u00a0 \u00a0 Bienvenidos a la Ventanilla \u00danica del Ilustre Colegio de la Abogac\u00eda de Sueca, dise\u00f1ada para facilitar y agilizar una amplia gama de tr\u00e1mites y servicios en l\u00ednea. Esta herramienta integral est\u00e1 destinada a mejorar la experiencia de nuestros colegiados y del p\u00fablico, proporcionando un acceso r\u00e1pido y eficiente a numerosos recursos.<\/p>\n<p>\u00a0 \u00a0 A continuaci\u00f3n, se detallan algunos de los servicios disponibles:<\/p>\n\n<p><strong>Servicios para Colegiados<\/strong><\/p>\n\n<ul class=\"wp-block-list\">\n<li>Inscripciones y Altas: Facilidad para nuevos abogados de inscribirse en el Colegio.<\/li>\n\n<li>Actualizaci\u00f3n de Datos: Actualice su perfil y datos de contacto directamente desde nuestro portal.<\/li>\n\n<li>Consulta y Pago de Cuotas: Visualice el estado de sus cuotas.<\/li>\n\n<li>Solicitud de Certificados: Solicite y reciba certificados de colegiaci\u00f3n y otros documentos.<\/li>\n\n<li>Formaci\u00f3n Continua: Inscripci\u00f3n a cursos, seminarios y eventos organizados para enriquecer su pr\u00e1ctica profesional.<\/li>\n<\/ul>\n\n<p><strong>Servicios Generales<\/strong><\/p>\n\n<ul class=\"wp-block-list\">\n<li>Presentaci\u00f3n de Documentos y Escritos: Presente documentos administrativos de manera digital.<\/li>\n\n<li>Turno de Oficio: Participe o actualice su informaci\u00f3n para el servicio de turno de oficio.<\/li>\n\n<li>Consultas y Denuncias: Espacio disponible para realizar consultas generales o presentar denuncias relacionadas con la profesi\u00f3n.<\/li>\n\n<li>Recursos Profesionales: Acceda a una variedad de recursos digitales, incluyendo bases de datos y publicaciones especializadas.<\/li>\n\n<li>Mediaci\u00f3n y Arbitraje: Inscripci\u00f3n y solicitud de servicios de mediaci\u00f3n y arbitraje para la resoluci\u00f3n alternativa de conflictos.<\/li>\n<\/ul>\n\n<p>\u00a0 \u00a0 Este espacio est\u00e1 comprometido con la transparencia y la eficiencia, asegurando que todos los tr\u00e1mites se puedan realizar de la manera m\u00e1s conveniente y segura posible. La Ventanilla \u00danica es un reflejo de nuestro compromiso con la modernizaci\u00f3n y mejora continua del servicio a nuestros miembros y la comunidad en general.<\/p>\n\t\t\t\t\t\t\t\t<\/div>\n\t\t\t\t<\/div>\n\t\t\t\t<div class=\"elementor-element elementor-element-1ded9f1 elementor-align-center elementor-widget elementor-widget-button\" data-id=\"1ded9f1\" data-element_type=\"widget\" data-widget_type=\"button.default\">\n\t\t\t\t<div class=\"elementor-widget-container\">\n\t\t\t\t\t\t\t\t\t<div class=\"elementor-button-wrapper\">\n\t\t\t\t\t<a class=\"elementor-button elementor-button-link elementor-size-sm\" href=\"https:\/\/www.ventanillaunicaabogados.org\/VentanillaUnica\/faces\/html\/publico\/abogacia\/homeSede.xhtml\" target=\"_blank\">\n\t\t\t\t\t\t<span class=\"elementor-button-content-wrapper\">\n\t\t\t\t\t\t\t\t\t<span class=\"elementor-button-text\">Acceso a Ventanilla \u00fanica<\/span>\n\t\t\t\t\t<\/span>\n\t\t\t\t\t<\/a>\n\t\t\t\t<\/div>\n\t\t\t\t\t\t\t\t<\/div>\n\t\t\t\t<\/div>\n\t\t\t\t\t<\/div>\n\t\t\t\t<\/div>\n\t\t\t\t<\/div>\n\t\t","protected":false},"excerpt":{"rendered":"<p>VENTANILLA \u00daNICA \u00a0 \u00a0 Bienvenidos a la Ventanilla \u00danica del Ilustre Colegio de la Abogac\u00eda de Sueca, dise\u00f1ada para facilitar y agilizar una amplia gama de tr\u00e1mites y servicios en l\u00ednea. Esta herramienta integral est\u00e1 destinada a mejorar la experiencia de nuestros colegiados y del p\u00fablico, proporcionando un acceso r\u00e1pido y eficiente a numerosos recursos. [&hellip;]<\/p>\n","protected":false},"author":1,"featured_media":0,"parent":0,"menu_order":0,"comment_status":"closed","ping_status":"closed","template":"","meta":{"footnotes":""},"class_list":["post-87","page","type-page","status-publish","hentry"],"_links":{"self":[{"href":"https:\/\/icasueca.es\/web\/wp-json\/wp\/v2\/pages\/87","targetHints":{"allow":["GET"]}}],"collection":[{"href":"https:\/\/icasueca.es\/web\/wp-json\/wp\/v2\/pages"}],"about":[{"href":"https:\/\/icasueca.es\/web\/wp-json\/wp\/v2\/types\/page"}],"author":[{"embeddable":true,"href":"https:\/\/icasueca.es\/web\/wp-json\/wp\/v2\/users\/1"}],"replies":[{"embeddable":true,"href":"https:\/\/icasueca.es\/web\/wp-json\/wp\/v2\/comments?post=87"}],"version-history":[{"count":21,"href":"https:\/\/icasueca.es\/web\/wp-json\/wp\/v2\/pages\/87\/revisions"}],"predecessor-version":[{"id":1608,"href":"https:\/\/icasueca.es\/web\/wp-json\/wp\/v2\/pages\/87\/revisions\/1608"}],"wp:attachment":[{"href":"https:\/\/icasueca.es\/web\/wp-json\/wp\/v2\/media?parent=87"}],"curies":[{"name":"wp","href":"https:\/\/api.w.org\/{rel}","templated":true}]}}