{"id":924,"date":"2024-07-03T16:19:46","date_gmt":"2024-07-03T14:19:46","guid":{"rendered":"https:\/\/icasueca.es\/web\/?page_id=924"},"modified":"2024-07-03T17:32:38","modified_gmt":"2024-07-03T15:32:38","slug":"canal-de-denuncias","status":"publish","type":"page","link":"https:\/\/icasueca.es\/web\/canal-de-denuncias\/","title":{"rendered":"Canal de Denuncias"},"content":{"rendered":"\t\t<div data-elementor-type=\"wp-page\" data-elementor-id=\"924\" class=\"elementor elementor-924\" data-elementor-post-type=\"page\">\n\t\t\t\t<div class=\"elementor-element elementor-element-d989db6 e-flex e-con-boxed e-con e-parent\" data-id=\"d989db6\" data-element_type=\"container\">\n\t\t\t\t\t<div class=\"e-con-inner\">\n\t\t\t\t<div class=\"elementor-element elementor-element-b55bb80 elementor-widget elementor-widget-heading\" data-id=\"b55bb80\" data-element_type=\"widget\" data-widget_type=\"heading.default\">\n\t\t\t\t<div class=\"elementor-widget-container\">\n\t\t\t\t\t<h2 class=\"elementor-heading-title elementor-size-default\">Canal Denuncias<\/h2>\t\t\t\t<\/div>\n\t\t\t\t<\/div>\n\t\t\t\t\t<\/div>\n\t\t\t\t<\/div>\n\t\t<div class=\"elementor-element elementor-element-e472eff e-flex e-con-boxed e-con e-parent\" data-id=\"e472eff\" data-element_type=\"container\">\n\t\t\t\t\t<div class=\"e-con-inner\">\n\t\t\t\t<div class=\"elementor-element elementor-element-f2809a8 elementor-widget elementor-widget-text-editor\" data-id=\"f2809a8\" data-element_type=\"widget\" data-widget_type=\"text-editor.default\">\n\t\t\t\t<div class=\"elementor-widget-container\">\n\t\t\t\t\t\t\t\t\t<p>\u00a0 \u00a0 \u00a0En <strong>ILUSTRE COLEGIO DE LA ABOGACIA DE SUECA<\/strong>, estamos comprometidos con la transparencia, la legalidad y la integridad en todas nuestras operaciones. Por ello, hemos creado este espacio seguro y confidencial al alcance de todas las personas f\u00edsicas o jur\u00eddicas que tengan alguna relaci\u00f3n con nuestra organizaci\u00f3n. Aqu\u00ed, puede remitir sus dudas, sospechas o denuncias sobre acciones que considera contrarias a la legalidad, as\u00ed como transmitir cualquier conocimiento sobre comportamientos que puedan implicar un riesgo de car\u00e1cter penal.).<\/p>\t\t\t\t\t\t\t\t<\/div>\n\t\t\t\t<\/div>\n\t\t\t\t\t<\/div>\n\t\t\t\t<\/div>\n\t\t<div class=\"elementor-element elementor-element-2ca79bf e-flex e-con-boxed e-con e-parent\" data-id=\"2ca79bf\" data-element_type=\"container\">\n\t\t\t\t\t<div class=\"e-con-inner\">\n\t\t\t\t<div class=\"elementor-element elementor-element-f0e91b4 elementor-widget elementor-widget-text-editor\" data-id=\"f0e91b4\" data-element_type=\"widget\" data-widget_type=\"text-editor.default\">\n\t\t\t\t<div class=\"elementor-widget-container\">\n\t\t\t\t\t\t\t\t\t<p class=\"elementor-icon-box-description\">Este espacio no solo sirve como un canal de denuncia, sino tambi\u00e9n como una herramienta de prevenci\u00f3n y resoluci\u00f3n de conflictos. Garantizamos que la identidad de la persona que realiza la comunicaci\u00f3n se mantendr\u00e1 en estricta confidencialidad. Nuestro \u00d3rgano de Control se encargar\u00e1 de tratar las peticiones, dudas o denuncias de manera segura y confidencial, y responder\u00e1 en los t\u00e9rminos especificados en el documento siguiente.<\/p><p>En <strong>ILUSTRE COLEGIO DE LA ABOGACIA DE SUECA<\/strong>, valoramos su compromiso con la legalidad y la integridad, y le invitamos a utilizar este espacio para contribuir a nuestro esfuerzo conjunto por mantener los m\u00e1s altos est\u00e1ndares \u00e9ticos y legales en todas nuestras operaciones.<\/p><p>Si desea realizar una denuncia o consulta confidencial, por favor, haga clic en el enlace proporcionado y siga las instrucciones detalladas en el siguiente documento. Su contribuci\u00f3n es esencial para el bienestar y la transparencia de nuestra organizaci\u00f3n..<\/p>\t\t\t\t\t\t\t\t<\/div>\n\t\t\t\t<\/div>\n\t\t\t\t\t<\/div>\n\t\t\t\t<\/div>\n\t\t<div class=\"elementor-element elementor-element-42f7406 e-flex e-con-boxed e-con e-parent\" data-id=\"42f7406\" data-element_type=\"container\">\n\t\t\t\t\t<div class=\"e-con-inner\">\n\t\t\t\t<div class=\"elementor-element elementor-element-51c9af2 elementor-align-center elementor-widget elementor-widget-button\" data-id=\"51c9af2\" data-element_type=\"widget\" data-widget_type=\"button.default\">\n\t\t\t\t<div class=\"elementor-widget-container\">\n\t\t\t\t\t\t\t\t\t<div class=\"elementor-button-wrapper\">\n\t\t\t\t\t<a class=\"elementor-button elementor-button-link elementor-size-sm\" href=\"https:\/\/gesdata-denuncias.eu\/empresas_view.php?hash=sbbmgytcx3o8lvlgjtin6d7l8u8edvhteipmnp6sfg6xvzrzk8%20\" target=\"_blank\">\n\t\t\t\t\t\t<span class=\"elementor-button-content-wrapper\">\n\t\t\t\t\t\t\t\t\t<span class=\"elementor-button-text\">Presentar Denuncia<\/span>\n\t\t\t\t\t<\/span>\n\t\t\t\t\t<\/a>\n\t\t\t\t<\/div>\n\t\t\t\t\t\t\t\t<\/div>\n\t\t\t\t<\/div>\n\t\t\t\t\t<\/div>\n\t\t\t\t<\/div>\n\t\t\t\t<\/div>\n\t\t","protected":false},"excerpt":{"rendered":"<p>Canal Denuncias \u00a0 \u00a0 \u00a0En ILUSTRE COLEGIO DE LA ABOGACIA DE SUECA, estamos comprometidos con la transparencia, la legalidad y la integridad en todas nuestras operaciones. Por ello, hemos creado este espacio seguro y confidencial al alcance de todas las personas f\u00edsicas o jur\u00eddicas que tengan alguna relaci\u00f3n con nuestra organizaci\u00f3n. Aqu\u00ed, puede remitir sus [&hellip;]<\/p>\n","protected":false},"author":1,"featured_media":0,"parent":0,"menu_order":0,"comment_status":"closed","ping_status":"closed","template":"","meta":{"footnotes":""},"class_list":["post-924","page","type-page","status-publish","hentry"],"_links":{"self":[{"href":"https:\/\/icasueca.es\/web\/wp-json\/wp\/v2\/pages\/924","targetHints":{"allow":["GET"]}}],"collection":[{"href":"https:\/\/icasueca.es\/web\/wp-json\/wp\/v2\/pages"}],"about":[{"href":"https:\/\/icasueca.es\/web\/wp-json\/wp\/v2\/types\/page"}],"author":[{"embeddable":true,"href":"https:\/\/icasueca.es\/web\/wp-json\/wp\/v2\/users\/1"}],"replies":[{"embeddable":true,"href":"https:\/\/icasueca.es\/web\/wp-json\/wp\/v2\/comments?post=924"}],"version-history":[{"count":13,"href":"https:\/\/icasueca.es\/web\/wp-json\/wp\/v2\/pages\/924\/revisions"}],"predecessor-version":[{"id":947,"href":"https:\/\/icasueca.es\/web\/wp-json\/wp\/v2\/pages\/924\/revisions\/947"}],"wp:attachment":[{"href":"https:\/\/icasueca.es\/web\/wp-json\/wp\/v2\/media?parent=924"}],"curies":[{"name":"wp","href":"https:\/\/api.w.org\/{rel}","templated":true}]}}