{"id":93,"date":"2024-06-10T17:53:44","date_gmt":"2024-06-10T15:53:44","guid":{"rendered":"https:\/\/icasueca.es\/web\/?page_id=93"},"modified":"2024-07-25T10:58:53","modified_gmt":"2024-07-25T08:58:53","slug":"servicios-para-colegiados","status":"publish","type":"page","link":"https:\/\/icasueca.es\/web\/servicios-para-colegiados\/","title":{"rendered":"Servicios para Colegiados"},"content":{"rendered":"\t\t<div data-elementor-type=\"wp-page\" data-elementor-id=\"93\" class=\"elementor elementor-93\" data-elementor-post-type=\"page\">\n\t\t\t\t<div class=\"elementor-element elementor-element-30b05150 e-flex e-con-boxed e-con e-parent\" data-id=\"30b05150\" data-element_type=\"container\">\n\t\t\t\t\t<div class=\"e-con-inner\">\n\t\t\t\t<div class=\"elementor-element elementor-element-115333fc elementor-widget elementor-widget-text-editor\" data-id=\"115333fc\" data-element_type=\"widget\" data-widget_type=\"text-editor.default\">\n\t\t\t\t<div class=\"elementor-widget-container\">\n\t\t\t\t\t\t\t\t\t\n<h2 style=\"text-align: center;\">Recursos Exclusivos para Colegiados<\/h2>\n\n<p>\u00a0 \u00a0 En el Ilustre Colegio de Abogados de ICASUECA, entendemos que la excelencia y actualizaci\u00f3n constante en el ejercicio del derecho son fundamentales para el \u00e9xito profesional. Es por eso que nos complace ofrecer a nuestros colegiados un acceso exclusivo a recursos jur\u00eddicos de vanguardia, que est\u00e1n dise\u00f1ados para potenciar la pr\u00e1ctica legal en todos sus \u00e1mbitos. A continuaci\u00f3n, detallamos los servicios disponibles que garantizan que nuestros abogados est\u00e9n siempre a la vanguardia del conocimiento legal.<\/p>\n\n<p><strong>\u00a0 \u00a0 1. <a href=\"https:\/\/www.sepin.es\/home\/\" target=\"_blank\" rel=\"noreferrer noopener\">Editorial Jur\u00eddica Sepin<\/a><\/strong><\/p>\n\n<p>\u00a0 \u00a0 \u00a0 \u00a0 Esta reconocida editorial ofrece herramientas esenciales que agilizan y enriquecen el trabajo diario de los abogados:<\/p>\n\n<p>\u00a0 \u00a0 \u00a0 \u00a0 &#8211; <strong>Cronus Jur\u00eddico Formularios:<\/strong> Una plataforma l\u00edder en el sector que proporciona acceso a un vasto repositorio de formularios jur\u00eddicos. Con una interfaz intuitiva y una b\u00fasqueda\u00a0 \u00a0 \u00a0 \u00a0 \u00a0 \u00a0 \u00a0 \u00a0 \u00a0 \u00a0 \u00a0eficaz por \u00edndice tem\u00e1tico, colecciones o materias, Cronus Jur\u00eddico asegura que encuentre r\u00e1pidamente lo que necesita, ahorrando tiempo y aumentando la precisi\u00f3n en la\u00a0 \u00a0 \u00a0 \u00a0 \u00a0 \u00a0 \u00a0 \u00a0 \u00a0 \u00a0 \u00a0 \u00a0 \u00a0 \u00a0 \u00a0 \u00a0 \u00a0 \u00a0 \u00a0elaboraci\u00f3n de documentos legales.<\/p>\n\n<p>\u00a0 \u00a0 \u00a0 \u00a0 &#8211;<strong> C\u00f3digo Legal 180\u00ba<\/strong>: A trav\u00e9s de esta herramienta, los usuarios pueden acceder a una selecci\u00f3n de la jurisprudencia m\u00e1s relevante y actual, organizada de manera indexada por\u00a0 \u00a0 \u00a0 \u00a0 \u00a0 \u00a0 \u00a0 \u00a0 \u00a0 \u00a0 \u00a0 \u00a0 \u00a0 \u00a0art\u00edculo. Esto facilita la consulta y el estudio de casos pertinentes, lo que resulta en una preparaci\u00f3n m\u00e1s efectiva para sus litigios y consultor\u00edas.<\/p>\n\n<p><strong>\u00a0 \u00a0 \u00a0 \u00a0 &#8211; Biblioteca Online<\/strong>: Un recurso indispensable que ofrece una amplia variedad de textos y publicaciones electr\u00f3nicas. Desde comentarios y an\u00e1lisis detallados hasta gu\u00edas pr\u00e1cticas y estudios de caso, nuestra biblioteca en l\u00ednea es un tesoro de informaci\u00f3n que todo abogado deber\u00eda explorar.<\/p>\n\n<p><strong>\u00a0 \u00a0 2. <a href=\"https:\/\/vlex.es\/\" target=\"_blank\" rel=\"noreferrer noopener\">Base de Datos Vlex<\/a><\/strong><\/p>\n\n<p>\u00a0 \u00a0 \u00a0 \u00a0 \u00a0 Vlex es una base de datos jur\u00eddica integral que sirve como un recurso esencial para los abogados en pr\u00e1ctica, proporcionando:<\/p>\n\n<p><strong>\u00a0 \u00a0 \u00a0 \u00a0 \u00a0 Esquemas Procesales y Jurisprudencia<\/strong>: Herramientas cruciales para entender y navegar por los complejos sistemas legales. Con Vlex, los abogados pueden acceder a esquemas\u00a0 \u00a0 \u00a0 \u00a0 \u00a0 \u00a0 \u00a0 \u00a0 \u00a0 \u00a0 \u00a0 \u00a0procesales detallados y bases de datos de jurisprudencia actualizadas, permitiendo una preparaci\u00f3n de casos m\u00e1s eficiente y fundamentada.<\/p>\n\n<p><strong>\u00a0 \u00a0 \u00a0 \u00a0 \u00a0 Contratos y Formularios<\/strong>: Simplifique la creaci\u00f3n de documentos legales con acceso a una variedad de contratos y formularios preelaborados, adaptados a diferentes necesidades y escenarios legales.<\/p>\n\n<p><strong>\u00a0 \u00a0 \u00a0 \u00a0 \u00a0 Art\u00edculos Doctrinales y Legislaci\u00f3n:<\/strong> Mant\u00e9ngase informado con art\u00edculos de expertos y la legislaci\u00f3n m\u00e1s reciente, asegurando que su pr\u00e1ctica est\u00e9 alineada con las \u00faltimas\u00a0 \u00a0 \u00a0 \u00a0 \u00a0 \u00a0 \u00a0 \u00a0 \u00a0 \u00a0 \u00a0 \u00a0 \u00a0 \u00a0 \u00a0 \u00a0 \u00a0tendencias y normativas del derecho.<\/p>\n\n<p><strong>\u00a0 \u00a0 \u00a0 \u00a0 \u00a0 Libros, Revistas y Noticias: <\/strong>Ampl\u00ede su conocimiento con nuestra colecci\u00f3n de libros y revistas especializadas. Adem\u00e1s, mant\u00e9ngase al d\u00eda con las noticias y desarrollos legales a\u00a0 \u00a0 \u00a0 \u00a0 \u00a0 \u00a0 \u00a0 \u00a0 \u00a0 \u00a0 \u00a0 \u00a0 \u00a0trav\u00e9s de nuestros boletines oficiales.<\/p>\n\n<p>\u00a0 \u00a0 En ICASUECA, nos comprometemos a proporcionar a nuestros miembros las herramientas y recursos necesarios para que destaquen en su campo. Al asociarse con l\u00edderes editoriales como Editorial Jur\u00eddica Sepin y Vlex, garantizamos que nuestros colegiados tengan acceso a lo mejor en recursos jur\u00eddicos. Con estos servicios, aseguramos no solo el crecimiento profesional de nuestros abogados, sino tambi\u00e9n el fortalecimiento de la pr\u00e1ctica legal en su conjunto.<\/p>\n\t\t\t\t\t\t\t\t<\/div>\n\t\t\t\t<\/div>\n\t\t\t\t\t<\/div>\n\t\t\t\t<\/div>\n\t\t\t\t<\/div>\n\t\t","protected":false},"excerpt":{"rendered":"<p>Recursos Exclusivos para Colegiados \u00a0 \u00a0 En el Ilustre Colegio de Abogados de ICASUECA, entendemos que la excelencia y actualizaci\u00f3n constante en el ejercicio del derecho son fundamentales para el \u00e9xito profesional. Es por eso que nos complace ofrecer a nuestros colegiados un acceso exclusivo a recursos jur\u00eddicos de vanguardia, que est\u00e1n dise\u00f1ados para potenciar [&hellip;]<\/p>\n","protected":false},"author":1,"featured_media":0,"parent":0,"menu_order":0,"comment_status":"closed","ping_status":"closed","template":"","meta":{"footnotes":""},"class_list":["post-93","page","type-page","status-publish","hentry"],"_links":{"self":[{"href":"https:\/\/icasueca.es\/web\/wp-json\/wp\/v2\/pages\/93","targetHints":{"allow":["GET"]}}],"collection":[{"href":"https:\/\/icasueca.es\/web\/wp-json\/wp\/v2\/pages"}],"about":[{"href":"https:\/\/icasueca.es\/web\/wp-json\/wp\/v2\/types\/page"}],"author":[{"embeddable":true,"href":"https:\/\/icasueca.es\/web\/wp-json\/wp\/v2\/users\/1"}],"replies":[{"embeddable":true,"href":"https:\/\/icasueca.es\/web\/wp-json\/wp\/v2\/comments?post=93"}],"version-history":[{"count":20,"href":"https:\/\/icasueca.es\/web\/wp-json\/wp\/v2\/pages\/93\/revisions"}],"predecessor-version":[{"id":1602,"href":"https:\/\/icasueca.es\/web\/wp-json\/wp\/v2\/pages\/93\/revisions\/1602"}],"wp:attachment":[{"href":"https:\/\/icasueca.es\/web\/wp-json\/wp\/v2\/media?parent=93"}],"curies":[{"name":"wp","href":"https:\/\/api.w.org\/{rel}","templated":true}]}}