{"id":954,"date":"2024-07-03T18:10:25","date_gmt":"2024-07-03T16:10:25","guid":{"rendered":"https:\/\/icasueca.es\/web\/?page_id=954"},"modified":"2025-09-26T12:51:51","modified_gmt":"2025-09-26T10:51:51","slug":"sobre-la-mediacion-2","status":"publish","type":"page","link":"https:\/\/icasueca.es\/web\/sobre-la-mediacion-2\/","title":{"rendered":"Sobre la Mediaci\u00f3n"},"content":{"rendered":"\t\t<div data-elementor-type=\"wp-page\" data-elementor-id=\"954\" class=\"elementor elementor-954\" data-elementor-post-type=\"page\">\n\t\t\t\t<div class=\"elementor-element elementor-element-a6b5540 e-flex e-con-boxed e-con e-parent\" data-id=\"a6b5540\" data-element_type=\"container\">\n\t\t\t\t\t<div class=\"e-con-inner\">\n\t\t\t\t<div class=\"elementor-element elementor-element-bc9aa54 elementor-widget elementor-widget-text-editor\" data-id=\"bc9aa54\" data-element_type=\"widget\" data-widget_type=\"text-editor.default\">\n\t\t\t\t<div class=\"elementor-widget-container\">\n\t\t\t\t\t\t\t\t\t<h3 style=\"text-align: center;\"><b>INSTRUCCIONES COMUNES PARA INICIAR MASC (MEDIACI\u00d3N\/CONCILIACI\u00d3N)<\/b><\/h3><p style=\"text-align: center;\"><strong>PASO 1. CUMPLIMENTACI\u00d3N SOLICITUD.<\/strong><\/p><p style=\"text-align: center;\">Deber\u00e1 cumplimentar la Solicitud correspondiente al MASC que elija, Mediaci\u00f3n o Conciliaci\u00f3n, rellenando todos los campos posibles con los datos que conozca, a fin de facilitar la correcta citaci\u00f3n de la otra parte.<\/p><p style=\"text-align: center;\">La materia objeto de controversia deber\u00e1 expresarse de forma sucinta y clara en el espacio que se ha dispuesto en la solicitud, sin acompa\u00f1ar documentaci\u00f3n.<\/p><p style=\"text-align: center;\"><strong>PASO 2. CUMPLIMENTACI\u00d3N ANEXO I.<\/strong><\/p><p style=\"text-align: center;\">Igualmente, deber\u00e1 cumplimentar debidamente el Anexo I, que se corresponde con la Hoja de Protecci\u00f3n de Datos.<\/p><p style=\"text-align: center;\"><strong>PASO 3. CUMPLIMENTACI\u00d3N DEL ANEXO II.<\/strong><\/p><p style=\"text-align: center;\">Con car\u00e1cter general, se entender\u00e1 que quiere celebrar Mediaci\u00f3n o Conciliaci\u00f3n con una sola persona. Pero si el objeto de la controversia le exige celebrar el MASC con 2 o m\u00e1s personas, deber\u00e1 cumplimentar tambi\u00e9n el Anexo II, en el que relacionar\u00e1 a la segunda o ulteriores personas que deban ser citadas, cumplimentando debidamente todos los campos que se solicitan, a fin de determinar claramente su identidad y la direcci\u00f3n en que deban ser citadas.<\/p><p style=\"text-align: center;\"><strong>PASO 4. PAGO.<\/strong><\/p><p style=\"text-align: center;\">Con car\u00e1cter general, la gesti\u00f3n colegial, gastos de notificaciones, primera atenci\u00f3n del Mediador o Conciliador y, en su caso, la expedici\u00f3n del certificado negativo a efectos de acreditar el requisito de procedibilidad, tendr\u00e1n un coste fijo de 145,20 \u20ac.<\/p><p style=\"text-align: center;\">A dicha cantidad se habr\u00e1 de adicionar un total de 24,20 \u20ac por cada persona incluida en el ANEXO II.<\/p><p style=\"text-align: center;\">Por cada MASC solicitado se deber\u00e1 realizar un \u00fanico pago que comprenda, o bien el importe fijo de 145,20 \u20ac si s\u00f3lo interesa mediar o conciliar con 1 persona, o bien el que resulte de adicionar a aquella cantidad 24,20 \u20ac por cada persona incluida en el ANEXO II, con destino a la cuenta del ICASUECA: ES87-0081-5537-6800-0104-9911.<\/p><p style=\"text-align: center;\">La factura se emitir\u00e1 al finalizar el proceso del MASC a nombre del solicitante.<\/p><p style=\"text-align: center;\"><strong>PASO 5. PRESENTACI\u00d3N DE LA SOLICITUD Y DOCUMENTACION ADJUNTA.<\/strong><\/p><p style=\"text-align: center;\">El \u00faltimo paso consistir\u00e1 en remitir al correo gestio@icasueca.es la siguiente documentaci\u00f3n:<\/p><p style=\"text-align: center;\">1.\u00a0<span style=\"font-size: 1rem;\">SOLICITUD de Mediaci\u00f3n o Conciliaci\u00f3n.<\/span><\/p><p style=\"text-align: center;\">2.\u00a0<span style=\"font-size: 1rem;\">ANEXO I.<\/span><\/p><p style=\"text-align: center;\">3.\u00a0<span style=\"font-size: 1rem;\">ANEXO II, S\u00d3LO si solicita celebrar MASC con 2 o m\u00e1s personas.<\/span><\/p><p style=\"text-align: center;\">4.\u00a0<span style=\"font-size: 1rem;\">Justificante de la transferencia (145,20 \u20ac fijos, o la que resulte de adicionar 24,20 \u20ac por persona incluida en ANEXO II).<\/span><\/p><p style=\"text-align: center;\"><span style=\"font-size: 1rem;\">\u00a0<\/span><\/p><p style=\"text-align: center;\">Una vez recibida la solicitud, y comprobado que se han cumplido los requisitos, desde el CEMICASUECA se contactar\u00e1 con el letrado del solicitante o, en caso de que no lo tuviera, con el propio solicitante para concertar fecha de celebraci\u00f3n del MASC y se citar\u00e1 a la otra parte.<\/p>\t\t\t\t\t\t\t\t<\/div>\n\t\t\t\t<\/div>\n\t\t\t\t\t<\/div>\n\t\t\t\t<\/div>\n\t\t\t\t<\/div>\n\t\t","protected":false},"excerpt":{"rendered":"<p>INSTRUCCIONES COMUNES PARA INICIAR MASC (MEDIACI\u00d3N\/CONCILIACI\u00d3N) PASO 1. CUMPLIMENTACI\u00d3N SOLICITUD. Deber\u00e1 cumplimentar la Solicitud correspondiente al MASC que elija, Mediaci\u00f3n o Conciliaci\u00f3n, rellenando todos los campos posibles con los datos que conozca, a fin de facilitar la correcta citaci\u00f3n de la otra parte. La materia objeto de controversia deber\u00e1 expresarse de forma sucinta y clara [&hellip;]<\/p>\n","protected":false},"author":1,"featured_media":0,"parent":0,"menu_order":0,"comment_status":"closed","ping_status":"closed","template":"","meta":{"footnotes":""},"class_list":["post-954","page","type-page","status-publish","hentry"],"_links":{"self":[{"href":"https:\/\/icasueca.es\/web\/wp-json\/wp\/v2\/pages\/954","targetHints":{"allow":["GET"]}}],"collection":[{"href":"https:\/\/icasueca.es\/web\/wp-json\/wp\/v2\/pages"}],"about":[{"href":"https:\/\/icasueca.es\/web\/wp-json\/wp\/v2\/types\/page"}],"author":[{"embeddable":true,"href":"https:\/\/icasueca.es\/web\/wp-json\/wp\/v2\/users\/1"}],"replies":[{"embeddable":true,"href":"https:\/\/icasueca.es\/web\/wp-json\/wp\/v2\/comments?post=954"}],"version-history":[{"count":31,"href":"https:\/\/icasueca.es\/web\/wp-json\/wp\/v2\/pages\/954\/revisions"}],"predecessor-version":[{"id":1907,"href":"https:\/\/icasueca.es\/web\/wp-json\/wp\/v2\/pages\/954\/revisions\/1907"}],"wp:attachment":[{"href":"https:\/\/icasueca.es\/web\/wp-json\/wp\/v2\/media?parent=954"}],"curies":[{"name":"wp","href":"https:\/\/api.w.org\/{rel}","templated":true}]}}