{"id":96,"date":"2024-06-10T17:55:44","date_gmt":"2024-06-10T15:55:44","guid":{"rendered":"https:\/\/icasueca.es\/web\/?page_id=96"},"modified":"2024-07-25T11:03:27","modified_gmt":"2024-07-25T09:03:27","slug":"informacion-general","status":"publish","type":"page","link":"https:\/\/icasueca.es\/web\/informacion-general\/","title":{"rendered":"Informaci\u00f3n General"},"content":{"rendered":"\t\t<div data-elementor-type=\"wp-page\" data-elementor-id=\"96\" class=\"elementor elementor-96\" data-elementor-post-type=\"page\">\n\t\t\t\t<div class=\"elementor-element elementor-element-11a68b96 e-flex e-con-boxed e-con e-parent\" data-id=\"11a68b96\" data-element_type=\"container\">\n\t\t\t\t\t<div class=\"e-con-inner\">\n\t\t\t\t<div class=\"elementor-element elementor-element-5ce9dde8 elementor-widget elementor-widget-text-editor\" data-id=\"5ce9dde8\" data-element_type=\"widget\" data-widget_type=\"text-editor.default\">\n\t\t\t\t<div class=\"elementor-widget-container\">\n\t\t\t\t\t\t\t\t\t\n<h3 style=\"text-align: center;\">JUSTICIA GRATUITA<\/h3>\n\n<p><strong>Introducci\u00f3n<\/strong><\/p>\n\n<p>En la Comunidad Valenciana, el derecho a la justicia gratuita es fundamental para asegurar que todos los ciudadanos puedan acceder a los servicios legales necesarios, independientemente de su situaci\u00f3n econ\u00f3mica. La Ley de Asistencia Jur\u00eddica Gratuita, regulada a nivel estatal por la Ley 1\/1996 y modificada por la Ley 42\/2015, tambi\u00e9n se aplica en la Comunidad Valenciana con algunas particularidades regionales. Este art\u00edculo explica en detalle en qu\u00e9 consiste la justicia gratuita, qui\u00e9nes pueden beneficiarse y c\u00f3mo solicitarla en la Comunidad Valenciana.<\/p>\n\n<p><strong>\u00bfQu\u00e9 es la Justicia Gratuita?<\/strong><\/p>\n\n<p>La justicia gratuita garantiza que las personas con recursos econ\u00f3micos limitados puedan acceder a servicios legales sin coste alguno. Esto incluye asesoramiento jur\u00eddico, representaci\u00f3n y defensa en procesos judiciales. El objetivo es asegurar que todos los ciudadanos tengan la posibilidad de defender sus derechos y acceder a la justicia en igualdad de condiciones.<\/p>\n\n<p><strong>Beneficiarios de la Justicia Gratuita<\/strong><\/p>\n\n<p>En la Comunidad Valenciana, la justicia gratuita se extiende a los ciudadanos espa\u00f1oles y a los extranjeros que residan legalmente en Espa\u00f1a. Tambi\u00e9n se aplica a los ciudadanos de la Uni\u00f3n Europea y a aquellos de pa\u00edses con convenios internacionales que prevean esta posibilidad.<\/p>\n\n<p><strong>Recursos Econ\u00f3micos Limitados<\/strong><\/p>\n\n<p>La justicia gratuita est\u00e1 destinada a personas que no superen ciertos l\u00edmites econ\u00f3micos, calculados en base al Indicador P\u00fablico de Renta de Efectos M\u00faltiples (IPREM).<\/p>\n\n<p><strong>\u00a0Casos Especiales<\/strong><\/p>\n\n<p>Se contemplan situaciones especiales en las que se puede conceder justicia gratuita independientemente de los ingresos:<\/p>\n\n<p>&#8211; V\u00edctimas de violencia de g\u00e9nero, terrorismo y trata de seres humanos.<\/p>\n\n<p>&#8211; Menores y personas con discapacidad en situaciones de abuso o maltrato.<\/p>\n\n<p>&#8211; Personas con una necesidad urgente y justificada de asistencia jur\u00eddica gratuita.<\/p>\n\n<p><strong>\u00a0Servicios Incluidos<\/strong><\/p>\n\n<p>La justicia gratuita en la Comunidad Valenciana incluye una variedad de servicios:<\/p>\n\n<p>-Asesoramiento y orientaci\u00f3n: Para prevenir conflictos y evaluar la viabilidad de las pretensiones.<\/p>\n\n<p>&#8211; Asistencia letrada: En procedimientos judiciales y administrativos, tanto en defensa como en acusaci\u00f3n.<\/p>\n\n<p>&#8211; Representaci\u00f3n por procurador: En procesos donde sea necesario.<\/p>\n\n<p>&#8211; Publicaciones y peritaciones gratuitas: Relacionadas con el caso.<\/p>\n\n<p>&#8211; Reducci\u00f3n de aranceles notariales y registrales: Relacionados con la actuaci\u00f3n jur\u00eddica.<\/p>\n\n<p>&#8211; Exenci\u00f3n de tasas judiciales: Para los procedimientos a los que se refiere la solicitud.<\/p>\n\t\t\t\t\t\t\t\t<\/div>\n\t\t\t\t<\/div>\n\t\t\t\t\t<\/div>\n\t\t\t\t<\/div>\n\t\t\t\t<\/div>\n\t\t","protected":false},"excerpt":{"rendered":"<p>JUSTICIA GRATUITA Introducci\u00f3n En la Comunidad Valenciana, el derecho a la justicia gratuita es fundamental para asegurar que todos los ciudadanos puedan acceder a los servicios legales necesarios, independientemente de su situaci\u00f3n econ\u00f3mica. La Ley de Asistencia Jur\u00eddica Gratuita, regulada a nivel estatal por la Ley 1\/1996 y modificada por la Ley 42\/2015, tambi\u00e9n se [&hellip;]<\/p>\n","protected":false},"author":1,"featured_media":0,"parent":0,"menu_order":0,"comment_status":"closed","ping_status":"closed","template":"","meta":{"footnotes":""},"class_list":["post-96","page","type-page","status-publish","hentry"],"_links":{"self":[{"href":"https:\/\/icasueca.es\/web\/wp-json\/wp\/v2\/pages\/96","targetHints":{"allow":["GET"]}}],"collection":[{"href":"https:\/\/icasueca.es\/web\/wp-json\/wp\/v2\/pages"}],"about":[{"href":"https:\/\/icasueca.es\/web\/wp-json\/wp\/v2\/types\/page"}],"author":[{"embeddable":true,"href":"https:\/\/icasueca.es\/web\/wp-json\/wp\/v2\/users\/1"}],"replies":[{"embeddable":true,"href":"https:\/\/icasueca.es\/web\/wp-json\/wp\/v2\/comments?post=96"}],"version-history":[{"count":14,"href":"https:\/\/icasueca.es\/web\/wp-json\/wp\/v2\/pages\/96\/revisions"}],"predecessor-version":[{"id":1614,"href":"https:\/\/icasueca.es\/web\/wp-json\/wp\/v2\/pages\/96\/revisions\/1614"}],"wp:attachment":[{"href":"https:\/\/icasueca.es\/web\/wp-json\/wp\/v2\/media?parent=96"}],"curies":[{"name":"wp","href":"https:\/\/api.w.org\/{rel}","templated":true}]}}