{"id":99,"date":"2024-06-10T17:57:06","date_gmt":"2024-06-10T15:57:06","guid":{"rendered":"https:\/\/icasueca.es\/web\/?page_id=99"},"modified":"2026-03-12T11:36:10","modified_gmt":"2026-03-12T10:36:10","slug":"servicio-de-orientacion-juridica","status":"publish","type":"page","link":"https:\/\/icasueca.es\/web\/servicio-de-orientacion-juridica\/","title":{"rendered":"Servicio de Orientaci\u00f3n Jur\u00eddica"},"content":{"rendered":"\t\t<div data-elementor-type=\"wp-page\" data-elementor-id=\"99\" class=\"elementor elementor-99\" data-elementor-post-type=\"page\">\n\t\t\t\t<div class=\"elementor-element elementor-element-7c413e1e e-con-full e-flex e-con e-parent\" data-id=\"7c413e1e\" data-element_type=\"container\">\n\t\t\t\t<div class=\"elementor-element elementor-element-3e02d8ea elementor-widget elementor-widget-text-editor\" data-id=\"3e02d8ea\" data-element_type=\"widget\" data-widget_type=\"text-editor.default\">\n\t\t\t\t<div class=\"elementor-widget-container\">\n\t\t\t\t\t\t\t\t\t<h3 style=\"text-align: center;\"><strong>SERVICIO DE ORIENTACI\u00d3N JURIDICA<\/strong><\/h3>\n<p><!-- \/wp:paragraph --><!-- wp:paragraph --><\/p>\n<p data-start=\"2204\" data-end=\"2415\">El Servicio de Orientaci\u00f3n Jur\u00eddica del Ilustre Colegio de la Abogac\u00eda de Sueca ofrece <strong data-start=\"2291\" data-end=\"2329\">informaci\u00f3n y asesoramiento previo<\/strong> a las personas que desean solicitar el derecho a la <strong data-start=\"2382\" data-end=\"2414\">asistencia jur\u00eddica gratuita<\/strong>.<\/p>\n<p data-start=\"2417\" data-end=\"2618\">Antes de iniciar la solicitud de justicia gratuita, se recomienda realizar una consulta con los profesionales del <strong data-start=\"2531\" data-end=\"2550\">turno de oficio<\/strong>, quienes podr\u00e1n orientarle sobre su situaci\u00f3n y los pasos a seguir.<\/p>\n<hr data-start=\"2620\" data-end=\"2623\" \/>\n<h1 data-section-id=\"asrc3l\" data-start=\"2625\" data-end=\"2662\">Si ha recibido una demanda judicial<\/h1>\n<p data-start=\"2664\" data-end=\"2734\">Si ha recibido una notificaci\u00f3n del juzgado traslad\u00e1ndole una demanda:<\/p>\n<ol data-start=\"2736\" data-end=\"2924\">\n<li data-section-id=\"ahiskd\" data-start=\"2736\" data-end=\"2792\">\n<p data-start=\"2739\" data-end=\"2792\">Debe acudir <strong data-start=\"2751\" data-end=\"2789\">primero al juzgado correspondiente<\/strong>.<\/p>\n<\/li>\n<li data-section-id=\"10fmbd9\" data-start=\"2793\" data-end=\"2924\">\n<p data-start=\"2796\" data-end=\"2924\">All\u00ed podr\u00e1 solicitar la <strong data-start=\"2820\" data-end=\"2872\">suspensi\u00f3n del plazo para contestar a la demanda<\/strong> mientras tramita la solicitud de justicia gratuita.<\/p>\n<\/li>\n<\/ol>\n<p data-start=\"2926\" data-end=\"3020\">Posteriormente podr\u00e1 acudir al <strong data-start=\"2957\" data-end=\"2993\">Servicio de Orientaci\u00f3n Jur\u00eddica<\/strong> para iniciar los tr\u00e1mites.<\/p>\n<hr data-start=\"3022\" data-end=\"3025\" \/>\n<h1 data-section-id=\"1bsxo6n\" data-start=\"3027\" data-end=\"3062\">D\u00f3nde solicitar abogado de oficio<\/h1>\n<p data-start=\"3064\" data-end=\"3094\">Debe acudir presencialmente a:<\/p>\n<p data-start=\"3096\" data-end=\"3212\">\ud83d\udccd <strong data-start=\"3099\" data-end=\"3151\">Sede del Ilustre Colegio de la Abogac\u00eda de Sueca<\/strong><br data-start=\"3151\" data-end=\"3154\" \/>Placeta del Convent s\/n<br data-start=\"3177\" data-end=\"3180\" \/>Edificio de Juzgados \u2013 3\u00aa planta<\/p>\n<p data-start=\"3214\" data-end=\"3312\">\ud83d\udd50 <strong data-start=\"3217\" data-end=\"3258\">Horario de atenci\u00f3n (sin cita previa)<\/strong><br data-start=\"3258\" data-end=\"3261\" \/>Lunes, martes y jueves<br data-start=\"3283\" data-end=\"3286\" \/>de <strong data-start=\"3289\" data-end=\"3312\">10:30 a 13:30 horas<\/strong><\/p>\n<hr data-start=\"3314\" data-end=\"3317\" \/>\n<h1 data-section-id=\"15o71jr\" data-start=\"3319\" data-end=\"3369\">\u00bfQu\u00e9 ofrece el Servicio de Orientaci\u00f3n Jur\u00eddica?<\/h1>\n<p data-start=\"3371\" data-end=\"3395\">El servicio proporciona:<\/p>\n<p data-start=\"3397\" data-end=\"3484\"><strong data-start=\"3397\" data-end=\"3422\">Asesoramiento inicial<\/strong><br data-start=\"3422\" data-end=\"3425\" \/>Evaluaci\u00f3n preliminar de su situaci\u00f3n jur\u00eddica y econ\u00f3mica.<\/p>\n<p data-start=\"3486\" data-end=\"3599\"><strong data-start=\"3486\" data-end=\"3524\">Informaci\u00f3n sobre el procedimiento<\/strong><br data-start=\"3524\" data-end=\"3527\" \/>Explicaci\u00f3n de los pasos necesarios para solicitar la justicia gratuita.<\/p>\n<p data-start=\"3601\" data-end=\"3711\"><strong data-start=\"3601\" data-end=\"3633\">Preparaci\u00f3n de documentaci\u00f3n<\/strong><br data-start=\"3633\" data-end=\"3636\" \/>Orientaci\u00f3n sobre la documentaci\u00f3n econ\u00f3mica y personal que debe presentar.<\/p>\n<p data-start=\"3713\" data-end=\"3830\"><strong data-start=\"3713\" data-end=\"3741\">Valoraci\u00f3n de viabilidad<\/strong><br data-start=\"3741\" data-end=\"3744\" \/>An\u00e1lisis inicial de si re\u00fane los requisitos para obtener asistencia jur\u00eddica gratuita.<\/p>\n<hr data-start=\"3832\" data-end=\"3835\" \/>\n<h1 data-section-id=\"18e3lq3\" data-start=\"3837\" data-end=\"3862\">Fases del procedimiento<\/h1>\n<p data-start=\"3864\" data-end=\"3940\">El proceso de solicitud de justicia gratuita consta de las siguientes fases:<\/p>\n<p data-start=\"3942\" data-end=\"4087\"><strong data-start=\"3942\" data-end=\"3977\">1. Presentaci\u00f3n de la solicitud<\/strong><br data-start=\"3977\" data-end=\"3980\" \/>La solicitud debe realizarse en el Colegio de Abogados de la provincia donde resida la persona solicitante.<\/p>\n<p data-start=\"4089\" data-end=\"4290\"><strong data-start=\"4089\" data-end=\"4123\">2. Aportaci\u00f3n de documentaci\u00f3n<\/strong><br data-start=\"4123\" data-end=\"4126\" \/>Ser\u00e1 necesario presentar documentaci\u00f3n que acredite su situaci\u00f3n econ\u00f3mica.<br data-start=\"4201\" data-end=\"4204\" \/>En el Servicio de Orientaci\u00f3n Jur\u00eddica se le indicar\u00e1 <strong data-start=\"4258\" data-end=\"4289\">qu\u00e9 documentos debe aportar<\/strong>.<\/p>\n<p data-start=\"4292\" data-end=\"4373\">Asimismo, deber\u00e1 llevar toda la documentaci\u00f3n relacionada con el asunto judicial.<\/p>\n<p data-start=\"4375\" data-end=\"4510\"><strong data-start=\"4375\" data-end=\"4408\">3. Evaluaci\u00f3n de la solicitud<\/strong><br data-start=\"4408\" data-end=\"4411\" \/>El Colegio de Abogados revisar\u00e1 la documentaci\u00f3n y comprobar\u00e1 si se cumplen los requisitos legales.<\/p>\n<p data-start=\"4512\" data-end=\"4642\"><strong data-start=\"4512\" data-end=\"4529\">4. Resoluci\u00f3n<\/strong><br data-start=\"4529\" data-end=\"4532\" \/>En un plazo m\u00e1ximo de <strong data-start=\"4554\" data-end=\"4565\">30 d\u00edas<\/strong>, se notificar\u00e1 la concesi\u00f3n o denegaci\u00f3n del derecho a la justicia gratuita.<\/p>\n<p data-start=\"4644\" data-end=\"4774\">En caso de denegaci\u00f3n, podr\u00e1 interponerse recurso ante la <strong data-start=\"4702\" data-end=\"4773\">Comisi\u00f3n de Asistencia Jur\u00eddica Gratuita de la Comunidad Valenciana<\/strong>.<\/p>\n<hr data-start=\"4776\" data-end=\"4779\" \/>\n<h1 data-section-id=\"14mfku2\" data-start=\"4781\" data-end=\"4831\">Oficinas de Asistencia a las V\u00edctimas del Delito<\/h1>\n<p data-start=\"4833\" data-end=\"5009\">En la Comunidad Valenciana existen oficinas especializadas que ofrecen apoyo y orientaci\u00f3n a las v\u00edctimas del delito, incluyendo asesoramiento para solicitar justicia gratuita.<\/p>\n<p data-start=\"5011\" data-end=\"5077\">En Sueca, la <strong data-start=\"5024\" data-end=\"5060\">Oficina de Atenci\u00f3n a la V\u00edctima<\/strong> se encuentra en:<\/p>\n<p data-start=\"5079\" data-end=\"5157\">\ud83d\udccd Juzgado de Violencia sobre la Mujer n\u00ba 1<br data-start=\"5122\" data-end=\"5125\" \/>Ronda del Cabanyal n\u00ba 16<br data-start=\"5149\" data-end=\"5152\" \/>Sueca<\/p>\n<p><!-- \/wp:paragraph --><\/p>\t\t\t\t\t\t\t\t<\/div>\n\t\t\t\t<\/div>\n\t\t\t\t<\/div>\n\t\t\t\t<\/div>\n\t\t","protected":false},"excerpt":{"rendered":"<p>SERVICIO DE ORIENTACI\u00d3N JURIDICA El Servicio de Orientaci\u00f3n Jur\u00eddica del Ilustre Colegio de la Abogac\u00eda de Sueca ofrece informaci\u00f3n y asesoramiento previo a las personas que desean solicitar el derecho a la asistencia jur\u00eddica gratuita. Antes de iniciar la solicitud de justicia gratuita, se recomienda realizar una consulta con los profesionales del turno de oficio, [&hellip;]<\/p>\n","protected":false},"author":1,"featured_media":0,"parent":0,"menu_order":0,"comment_status":"closed","ping_status":"closed","template":"","meta":{"footnotes":""},"class_list":["post-99","page","type-page","status-publish","hentry"],"_links":{"self":[{"href":"https:\/\/icasueca.es\/web\/wp-json\/wp\/v2\/pages\/99","targetHints":{"allow":["GET"]}}],"collection":[{"href":"https:\/\/icasueca.es\/web\/wp-json\/wp\/v2\/pages"}],"about":[{"href":"https:\/\/icasueca.es\/web\/wp-json\/wp\/v2\/types\/page"}],"author":[{"embeddable":true,"href":"https:\/\/icasueca.es\/web\/wp-json\/wp\/v2\/users\/1"}],"replies":[{"embeddable":true,"href":"https:\/\/icasueca.es\/web\/wp-json\/wp\/v2\/comments?post=99"}],"version-history":[{"count":20,"href":"https:\/\/icasueca.es\/web\/wp-json\/wp\/v2\/pages\/99\/revisions"}],"predecessor-version":[{"id":1918,"href":"https:\/\/icasueca.es\/web\/wp-json\/wp\/v2\/pages\/99\/revisions\/1918"}],"wp:attachment":[{"href":"https:\/\/icasueca.es\/web\/wp-json\/wp\/v2\/media?parent=99"}],"curies":[{"name":"wp","href":"https:\/\/api.w.org\/{rel}","templated":true}]}}